{"id":8115,"date":"2023-11-28T22:03:12","date_gmt":"2023-11-28T22:03:12","guid":{"rendered":"https:\/\/symposiummboa.live-website.com\/?page_id=8115"},"modified":"2026-01-08T05:25:51","modified_gmt":"2026-01-08T05:25:51","slug":"smile-back","status":"publish","type":"page","link":"https:\/\/symposium-mboa.com\/?page_id=8115","title":{"rendered":"Mboa-Kids"},"content":{"rendered":"<section class=\"wpb-content-wrapper\"><p>[vc_row equal_height=\u00a0\u00bbyes\u00a0\u00bb content_placement=\u00a0\u00bbtop\u00a0\u00bb row_content_width=\u00a0\u00bbgrid\u00a0\u00bb][vc_column]<div class=\"mkdf-elements-holder   mkdf-two-columns  mkdf-responsive-mode-768 \" ><div class=\"mkdf-eh-item    \"  data-item-class=\"mkdf-eh-custom-7321\">\n\t<div class=\"mkdf-eh-item-inner\">\n\t\t<div class=\"mkdf-eh-item-content mkdf-eh-custom-7321\" style=\"padding: 0px 20px 0px 0px\">\n\t\t\t[vc_column_text]<\/p>\n<h3 data-start=\"1093\" data-end=\"1110\"><strong data-start=\"1097\" data-end=\"1110\">MBOA-KIDS<\/strong><\/h3>\n<p data-start=\"1111\" data-end=\"1166\"><strong data-start=\"1111\" data-end=\"1166\">Parce que le Symposium-MBOA se vit aussi en famille<\/strong><\/p>\n<p data-start=\"1168\" data-end=\"1324\">Le <strong data-start=\"1171\" data-end=\"1184\">Mboa-Kids<\/strong> est l\u2019espace d\u00e9di\u00e9 aux enfants de <strong data-start=\"1219\" data-end=\"1233\">3 \u00e0 12 ans<\/strong>, pens\u00e9 pour leur offrir des activit\u00e9s ludiques et adapt\u00e9es dans un environnement s\u00e9curis\u00e9.<\/p>\n<p data-start=\"1326\" data-end=\"1470\">Pendant que les enfants jouent, d\u00e9couvrent et s\u2019amusent, les parents peuvent participer sereinement aux diff\u00e9rentes activit\u00e9s du Symposium-MBOA.<\/p>\n<p data-start=\"1472\" data-end=\"1574\">\ud83c\udf88 Jeux, animations et encadrement sont r\u00e9unis pour faire du Mboa-Kids un lieu rassurant et convivial.<\/p>\n<p data-start=\"1576\" data-end=\"1667\">\ud83d\udc49 <strong data-start=\"1579\" data-end=\"1599\">Venez en famille<\/strong>, le Symposium-MBOA est un \u00e9v\u00e9nement o\u00f9 <strong data-start=\"1639\" data-end=\"1666\">chacun se sent chez soi<\/strong>.<\/p>\n<p>[\/vc_column_text]\t\t<\/div>\n\t<\/div>\n<\/div><div class=\"mkdf-eh-item   mkdf-horizontal-alignment-right \"  data-item-class=\"mkdf-eh-custom-3481\">\n\t<div class=\"mkdf-eh-item-inner\">\n\t\t<div class=\"mkdf-eh-item-content mkdf-eh-custom-3481\" style=\"padding: 0px 0px 0px 20px\">\n\t\t\t<div class=\"mkdf-section-title-holder  \" style=\"text-align: center\">\n\t<div class=\"mkdf-st-inner\">\n\t\t\t\t\t\t\t<h2 class=\"mkdf-st-title\" style=\"color: #930027\">\n\t\t\t\tCompte \u00e0 rebours\t\t\t\t<span class=\"mkdf-st-title-mark\" style=\"color: #930027\">.<\/span>\n\t\t\t<\/h2>\n\t\t\t\t\t\t\t<div class=\"mkdf-st-separator\" style=\"background-color: #070177;margin-top: 2px\"><\/div>\n\t\t\t\t\t\t\t<\/div>\n<\/div><div class=\"mkdf-countdown mkdf-cd-no-week-month mkdf-cd-no-month  mkdf-dark-skin\" id=\"countdown5280\" data-year=\"2026\" data-month=\"5\" data-day=\"23\" data-hour=\"7\" data-minute=\"0\" data-timezone=\"2\" data-month-label=\"Months\" data-day-label=\"Days\" data-hour-label=\"Hours\" data-minute-label=\"Minutes\" data-second-label=\"Seconds\" data-digit-size=\"26\" data-label-size=\"12\"><\/div>[vc_empty_space height=\u00a0\u00bb50px\u00a0\u00bb][vc_images_carousel images=\u00a0\u00bb10299,9198,8832,8824,8821,9117,10339&Prime; img_size=\u00a0\u00bblarge\u00a0\u00bb slides_per_view=\u00a0\u00bb6&Prime; autoplay=\u00a0\u00bbyes\u00a0\u00bb hide_pagination_control=\u00a0\u00bbyes\u00a0\u00bb wrap=\u00a0\u00bbyes\u00a0\u00bb]\t\t<\/div>\n\t<\/div>\n<\/div><\/div>[vc_empty_space height=\u00a0\u00bb20px\u00a0\u00bb][\/vc_column][\/vc_row]<\/p>\n<\/section>","protected":false},"excerpt":{"rendered":"<p>[vc_row equal_height=\u00a0\u00bbyes\u00a0\u00bb content_placement=\u00a0\u00bbtop\u00a0\u00bb row_content_width=\u00a0\u00bbgrid\u00a0\u00bb][vc_column][vc_empty_space height=\u00a0\u00bb20px\u00a0\u00bb][\/vc_column][\/vc_row]<\/p>\n","protected":false},"author":1,"featured_media":8568,"parent":11176,"menu_order":0,"comment_status":"closed","ping_status":"closed","template":"","meta":{"footnotes":""},"categories":[],"tags":[203],"class_list":["post-8115","page","type-page","status-publish","has-post-thumbnail","hentry","tag-glam"],"rttpg_featured_image_url":{"full":["https:\/\/symposium-mboa.com\/wp-content\/uploads\/blog-bluer-e1738884146927.png",200,200,false],"landscape":["https:\/\/symposium-mboa.com\/wp-content\/uploads\/blog-bluer-e1738884146927.png",200,200,false],"portraits":["https:\/\/symposium-mboa.com\/wp-content\/uploads\/blog-bluer-e1738884146927.png",200,200,false],"thumbnail":["https:\/\/symposium-mboa.com\/wp-content\/uploads\/blog-bluer-e1738884146927-150x130.png",150,130,true],"medium":["https:\/\/symposium-mboa.com\/wp-content\/uploads\/blog-bluer-e1738884146927.png",200,200,false],"large":["https:\/\/symposium-mboa.com\/wp-content\/uploads\/blog-bluer-e1738884146927.png",200,200,false],"event-post-thumb":["https:\/\/symposium-mboa.com\/wp-content\/uploads\/blog-bluer-e1738884146927.png",200,200,false],"event-post-thumb-box":["https:\/\/symposium-mboa.com\/wp-content\/uploads\/blog-bluer-e1738884146927.png",200,200,false],"1536x1536":["https:\/\/symposium-mboa.com\/wp-content\/uploads\/blog-bluer-e1738884146927.png",200,200,false],"2048x2048":["https:\/\/symposium-mboa.com\/wp-content\/uploads\/blog-bluer-e1738884146927.png",200,200,false],"evently_mikado_square":["https:\/\/symposium-mboa.com\/wp-content\/uploads\/blog-bluer-e1738884146927.png",200,200,false],"evently_mikado_landscape":["https:\/\/symposium-mboa.com\/wp-content\/uploads\/blog-bluer-e1738884146927.png",200,200,false],"evently_mikado_portrait":["https:\/\/symposium-mboa.com\/wp-content\/uploads\/blog-bluer-e1738884146927.png",200,200,false],"evently_mikado_huge":["https:\/\/symposium-mboa.com\/wp-content\/uploads\/blog-bluer-e1738884146927.png",200,200,false]},"rttpg_author":{"display_name":"Sadat","author_link":"https:\/\/symposium-mboa.com\/?author=1"},"rttpg_comment":0,"rttpg_category":false,"rttpg_excerpt":"[vc_row equal_height=\u00a0\u00bbyes\u00a0\u00bb content_placement=\u00a0\u00bbtop\u00a0\u00bb row_content_width=\u00a0\u00bbgrid\u00a0\u00bb][vc_column][vc_empty_space height=\u00a0\u00bb20px\u00a0\u00bb][\/vc_column][\/vc_row]","_links":{"self":[{"href":"https:\/\/symposium-mboa.com\/index.php?rest_route=\/wp\/v2\/pages\/8115","targetHints":{"allow":["GET"]}}],"collection":[{"href":"https:\/\/symposium-mboa.com\/index.php?rest_route=\/wp\/v2\/pages"}],"about":[{"href":"https:\/\/symposium-mboa.com\/index.php?rest_route=\/wp\/v2\/types\/page"}],"author":[{"embeddable":true,"href":"https:\/\/symposium-mboa.com\/index.php?rest_route=\/wp\/v2\/users\/1"}],"replies":[{"embeddable":true,"href":"https:\/\/symposium-mboa.com\/index.php?rest_route=%2Fwp%2Fv2%2Fcomments&post=8115"}],"version-history":[{"count":37,"href":"https:\/\/symposium-mboa.com\/index.php?rest_route=\/wp\/v2\/pages\/8115\/revisions"}],"predecessor-version":[{"id":11863,"href":"https:\/\/symposium-mboa.com\/index.php?rest_route=\/wp\/v2\/pages\/8115\/revisions\/11863"}],"up":[{"embeddable":true,"href":"https:\/\/symposium-mboa.com\/index.php?rest_route=\/wp\/v2\/pages\/11176"}],"wp:featuredmedia":[{"embeddable":true,"href":"https:\/\/symposium-mboa.com\/index.php?rest_route=\/wp\/v2\/media\/8568"}],"wp:attachment":[{"href":"https:\/\/symposium-mboa.com\/index.php?rest_route=%2Fwp%2Fv2%2Fmedia&parent=8115"}],"wp:term":[{"taxonomy":"category","embeddable":true,"href":"https:\/\/symposium-mboa.com\/index.php?rest_route=%2Fwp%2Fv2%2Fcategories&post=8115"},{"taxonomy":"post_tag","embeddable":true,"href":"https:\/\/symposium-mboa.com\/index.php?rest_route=%2Fwp%2Fv2%2Ftags&post=8115"}],"curies":[{"name":"wp","href":"https:\/\/api.w.org\/{rel}","templated":true}]}}