{"id":8112,"date":"2023-11-28T21:59:48","date_gmt":"2023-11-28T21:59:48","guid":{"rendered":"https:\/\/symposiummboa.live-website.com\/?page_id=8112"},"modified":"2026-01-08T05:18:44","modified_gmt":"2026-01-08T05:18:44","slug":"mboa-glam","status":"publish","type":"page","link":"https:\/\/symposium-mboa.com\/?page_id=8112","title":{"rendered":"Mboa-Party &#038; Glam-Night"},"content":{"rendered":"<section class=\"wpb-content-wrapper\"><p>[vc_row row_content_width=\u00a0\u00bbgrid\u00a0\u00bb css=\u00a0\u00bb.vc_custom_1701222451332{padding-bottom: 88px !important;}\u00a0\u00bb][vc_column width=\u00a0\u00bb1\/2&Prime;][vc_empty_space height=\u00a0\u00bb20px\u00a0\u00bb][vc_column_text]<\/p>\n<p data-start=\"1276\" data-end=\"1335\">Deux nuits. Deux ambiances. Une seule signature : <strong data-start=\"1326\" data-end=\"1334\">MBOA<\/strong>.<\/p>\n<p data-start=\"1337\" data-end=\"1484\">Le Festival Symposium-Mboa s\u2019illumine chaque ann\u00e9e \u00e0 travers <strong data-start=\"1398\" data-end=\"1430\">deux soir\u00e9es exceptionnelles<\/strong>, o\u00f9 musique, \u00e9l\u00e9gance et convivialit\u00e9 se rencontrent.<\/p>\n<ul>\n<li data-start=\"1488\" data-end=\"1685\"><strong data-start=\"1488\" data-end=\"1517\">Samedi \u2013 Mboa-Party Night<\/strong><br data-start=\"1517\" data-end=\"1520\" \/>Une nuit clubbing intense, sans codes ni barri\u00e8res, rythm\u00e9e par <strong data-start=\"1586\" data-end=\"1623\">les DJs africains les plus en vue<\/strong>.<br data-start=\"1624\" data-end=\"1627\" \/>De <strong data-start=\"1632\" data-end=\"1649\">22h00 \u00e0 05h00<\/strong>, laissez-vous porter par les vibes.<\/li>\n<li data-start=\"1689\" data-end=\"1847\"><strong data-start=\"1689\" data-end=\"1724\">Dimanche \u2013 Mboa-Afro Glam Night<\/strong><br data-start=\"1724\" data-end=\"1727\" \/>Une soir\u00e9e de gala chic et glamour, m\u00ealant <strong data-start=\"1772\" data-end=\"1792\">prestations live<\/strong> et <strong data-start=\"1796\" data-end=\"1813\">s\u00e9lections DJ<\/strong> pour une cl\u00f4ture tout en finesse.<\/li>\n<\/ul>\n<p data-start=\"1849\" data-end=\"1905\">\u2728 Deux exp\u00e9riences uniques, ouvertes \u00e0 toutes et \u00e0 tous.<\/p>\n<p>[\/vc_column_text][vc_empty_space height=\u00a0\u00bb10px\u00a0\u00bb][vc_btn title=\u00a0\u00bbAchetez votre Ticket ici\u00a0\u00bb color=\u00a0\u00bbprimary\u00a0\u00bb link=\u00a0\u00bburl:https%3A%2F%2Fsymposium-mboa.com%2Fparticiper%2Fbilleterie%2F|title:Billeterie\u00a0\u00bb css=\u00a0\u00bb.vc_custom_1767418130806{border-radius: 2px !important;}\u00a0\u00bb][\/vc_column][vc_column width=\u00a0\u00bb1\/2&Prime;]<div class=\"mkdf-elements-holder   mkdf-two-columns  mkdf-responsive-mode-768 \" ><div class=\"mkdf-eh-item   mkdf-horizontal-alignment-right \"  data-item-class=\"mkdf-eh-custom-2637\">\n\t<div class=\"mkdf-eh-item-inner\">\n\t\t<div class=\"mkdf-eh-item-content mkdf-eh-custom-2637\" style=\"padding: 0px 0px 0px 20px\">\n\t\t\t<div class=\"mkdf-section-title-holder  \" style=\"text-align: center\">\n\t<div class=\"mkdf-st-inner\">\n\t\t\t\t\t\t\t<h3 class=\"mkdf-st-title\" style=\"color: #930027\">\n\t\t\t\tCountdown\t\t\t\t<span class=\"mkdf-st-title-mark\" style=\"color: #930027\">.<\/span>\n\t\t\t<\/h3>\n\t\t\t\t\t\t\t<div class=\"mkdf-st-separator\" style=\"background-color: #000372;margin-top: 2px\"><\/div>\n\t\t\t\t\t\t\t<\/div>\n<\/div><div class=\"mkdf-countdown mkdf-cd-no-week-month mkdf-cd-no-month  mkdf-dark-skin\" id=\"countdown6001\" data-year=\"2026\" data-month=\"5\" data-day=\"23\" data-hour=\"7\" data-minute=\"0\" data-timezone=\"2\" data-month-label=\"Months\" data-day-label=\"Days\" data-hour-label=\"Hours\" data-minute-label=\"Minutes\" data-second-label=\"Seconds\" data-digit-size=\"26\" data-label-size=\"12\"><\/div>[vc_empty_space height=\u00a0\u00bb50px\u00a0\u00bb]\t\t<\/div>\n\t<\/div>\n<\/div><\/div>[\/vc_column][\/vc_row][vc_row row_content_width=\u00a0\u00bbgrid\u00a0\u00bb css=\u00a0\u00bb.vc_custom_1701222451332{padding-bottom: 88px !important;}\u00a0\u00bb][vc_column][vc_empty_space height=\u00a0\u00bb20px\u00a0\u00bb][\/vc_column][\/vc_row]<\/p>\n<\/section>","protected":false},"excerpt":{"rendered":"<p>[vc_row row_content_width=\u00a0\u00bbgrid\u00a0\u00bb css=\u00a0\u00bb.vc_custom_1701222451332{padding-bottom: 88px !important;}\u00a0\u00bb][vc_column width=\u00a0\u00bb1\/2&Prime;][vc_empty_space height=\u00a0\u00bb20px\u00a0\u00bb][vc_column_text] Deux nuits. Deux ambiances. Une seule signature : MBOA. Le Festival Symposium-Mboa s\u2019illumine [&hellip;]<\/p>\n","protected":false},"author":1,"featured_media":0,"parent":11176,"menu_order":0,"comment_status":"closed","ping_status":"closed","template":"","meta":{"footnotes":""},"categories":[],"tags":[203],"class_list":["post-8112","page","type-page","status-publish","hentry","tag-glam"],"rttpg_featured_image_url":null,"rttpg_author":{"display_name":"Sadat","author_link":"https:\/\/symposium-mboa.com\/?author=1"},"rttpg_comment":0,"rttpg_category":false,"rttpg_excerpt":"[vc_row row_content_width=\u00a0\u00bbgrid\u00a0\u00bb css=\u00a0\u00bb.vc_custom_1701222451332{padding-bottom: 88px !important;}\u00a0\u00bb][vc_column width=\u00a0\u00bb1\/2&Prime;][vc_empty_space height=\u00a0\u00bb20px\u00a0\u00bb][vc_column_text] Deux nuits. Deux ambiances. Une seule signature : MBOA. Le Festival Symposium-Mboa s\u2019illumine [&hellip;]","_links":{"self":[{"href":"https:\/\/symposium-mboa.com\/index.php?rest_route=\/wp\/v2\/pages\/8112","targetHints":{"allow":["GET"]}}],"collection":[{"href":"https:\/\/symposium-mboa.com\/index.php?rest_route=\/wp\/v2\/pages"}],"about":[{"href":"https:\/\/symposium-mboa.com\/index.php?rest_route=\/wp\/v2\/types\/page"}],"author":[{"embeddable":true,"href":"https:\/\/symposium-mboa.com\/index.php?rest_route=\/wp\/v2\/users\/1"}],"replies":[{"embeddable":true,"href":"https:\/\/symposium-mboa.com\/index.php?rest_route=%2Fwp%2Fv2%2Fcomments&post=8112"}],"version-history":[{"count":33,"href":"https:\/\/symposium-mboa.com\/index.php?rest_route=\/wp\/v2\/pages\/8112\/revisions"}],"predecessor-version":[{"id":11873,"href":"https:\/\/symposium-mboa.com\/index.php?rest_route=\/wp\/v2\/pages\/8112\/revisions\/11873"}],"up":[{"embeddable":true,"href":"https:\/\/symposium-mboa.com\/index.php?rest_route=\/wp\/v2\/pages\/11176"}],"wp:attachment":[{"href":"https:\/\/symposium-mboa.com\/index.php?rest_route=%2Fwp%2Fv2%2Fmedia&parent=8112"}],"wp:term":[{"taxonomy":"category","embeddable":true,"href":"https:\/\/symposium-mboa.com\/index.php?rest_route=%2Fwp%2Fv2%2Fcategories&post=8112"},{"taxonomy":"post_tag","embeddable":true,"href":"https:\/\/symposium-mboa.com\/index.php?rest_route=%2Fwp%2Fv2%2Ftags&post=8112"}],"curies":[{"name":"wp","href":"https:\/\/api.w.org\/{rel}","templated":true}]}}