{"id":8110,"date":"2023-11-28T21:57:07","date_gmt":"2023-11-28T21:57:07","guid":{"rendered":"https:\/\/symposiummboa.live-website.com\/?page_id=8110"},"modified":"2026-01-09T03:02:58","modified_gmt":"2026-01-09T03:02:58","slug":"mboa-market","status":"publish","type":"page","link":"https:\/\/symposium-mboa.com\/?page_id=8110","title":{"rendered":"Mboa Market"},"content":{"rendered":"<section class=\"wpb-content-wrapper\"><p>[vc_row equal_height=\u00a0\u00bbyes\u00a0\u00bb row_content_width=\u00a0\u00bbgrid\u00a0\u00bb css=\u00a0\u00bb.vc_custom_1737607337107{padding-bottom: 88px !important;}\u00a0\u00bb][vc_column width=\u00a0\u00bb1\/2&Prime;][vc_single_image image=\u00a0\u00bb9112&Prime; img_size=\u00a0\u00bbfull\u00a0\u00bb title=\u00a0\u00bbMBOA-Market\u00a0\u00bb][vc_empty_space height=\u00a0\u00bb20px\u00a0\u00bb]<a itemprop=\"url\" href=\"https:\/\/symposium-mboa.com\/souscription\/souscription-aux-stands\/\" target=\"_self\" style=\"color: #ffffff;background-color: #1c7ae3\" class=\"mkdf-btn mkdf-btn-small mkdf-btn-solid mkdf-btn-custom-hover-bg mkdf-btn-custom-border-hover mkdf-btn-custom-hover-color user\" data-hover-color=\"#ffffff\" data-hover-bg-color=\"#1c7ae3\" data-hover-border-color=\"#000000\" >\n    \t<span class=\"mkdf-btn-text\">R\u00e9servez votre Stand<\/span>\n\t        <span aria-hidden=\"true\" class=\"mkdf-icon-font-elegant  \" ><\/span>\t<\/a>[\/vc_column][vc_column width=\u00a0\u00bb1\/2&Prime;][vc_empty_space height=\u00a0\u00bb20px\u00a0\u00bb][vc_column_text]<\/p>\n<p data-start=\"254\" data-end=\"303\"><strong data-start=\"254\" data-end=\"303\">MBOA-MARKET, e<em>xposez, vendez, valorisez votre savoir-faire!<\/em><\/strong><\/p>\n<p data-start=\"305\" data-end=\"565\">Le <strong data-start=\"308\" data-end=\"323\">Mboa-Market<\/strong> est l\u2019espace commercial et gastronomique du Symposium-MBOA.<br data-start=\"383\" data-end=\"386\" \/>Il r\u00e9unit exposants, restaurateurs, cr\u00e9ateurs et entrepreneurs autour d\u2019un m\u00eame objectif : <strong data-start=\"477\" data-end=\"564\">donner de la visibilit\u00e9 aux talents et initiatives afro-descendantes et partenaires<\/strong>.<\/p>\n<p data-start=\"567\" data-end=\"673\">\ud83d\udd39 Exposition de produits &amp; services<br data-start=\"603\" data-end=\"606\" \/>\ud83d\udd39 Gastronomie &amp; saveurs<br data-start=\"630\" data-end=\"633\" \/>\ud83d\udd39 Espace familles &amp; enfants (Mboa-Kids)<\/p>\n<p data-start=\"675\" data-end=\"789\">\ud83d\udc49 <strong data-start=\"678\" data-end=\"789\">R\u00e9servez votre stand et rejoignez une plateforme dynamique, fr\u00e9quent\u00e9e par plusieurs milliers de visiteurs.<\/strong><\/p>\n<p data-start=\"791\" data-end=\"869\"><strong data-start=\"791\" data-end=\"829\">Stands disponibles : 2\u00d73 m | 3\u00d73 m<\/strong><br data-start=\"829\" data-end=\"832\" \/>Autres formats possibles sur demande.<\/p>\n<p data-start=\"871\" data-end=\"953\">\ud83c\udfaf <em data-start=\"874\" data-end=\"953\">Les places \u00e9tant limit\u00e9es, nous vous invitons \u00e0 vous inscrire d\u00e8s maintenant.<\/em><\/p>\n<p>[\/vc_column_text][\/vc_column][\/vc_row][vc_row][vc_column][\/vc_column][\/vc_row]<\/p>\n<\/section>","protected":false},"excerpt":{"rendered":"<p>[vc_row equal_height=\u00a0\u00bbyes\u00a0\u00bb row_content_width=\u00a0\u00bbgrid\u00a0\u00bb css=\u00a0\u00bb.vc_custom_1737607337107{padding-bottom: 88px !important;}\u00a0\u00bb][vc_column width=\u00a0\u00bb1\/2&Prime;][vc_single_image image=\u00a0\u00bb9112&Prime; img_size=\u00a0\u00bbfull\u00a0\u00bb title=\u00a0\u00bbMBOA-Market\u00a0\u00bb][vc_empty_space height=\u00a0\u00bb20px\u00a0\u00bb][\/vc_column][vc_column width=\u00a0\u00bb1\/2&Prime;][vc_empty_space height=\u00a0\u00bb20px\u00a0\u00bb][vc_column_text] MBOA-MARKET, exposez, vendez, valorisez votre savoir-faire! Le [&hellip;]<\/p>\n","protected":false},"author":1,"featured_media":0,"parent":11176,"menu_order":0,"comment_status":"closed","ping_status":"closed","template":"full-width.php","meta":{"footnotes":""},"categories":[],"tags":[201],"class_list":["post-8110","page","type-page","status-publish","hentry","tag-market"],"rttpg_featured_image_url":null,"rttpg_author":{"display_name":"Sadat","author_link":"https:\/\/symposium-mboa.com\/?author=1"},"rttpg_comment":0,"rttpg_category":false,"rttpg_excerpt":"[vc_row equal_height=\u00a0\u00bbyes\u00a0\u00bb row_content_width=\u00a0\u00bbgrid\u00a0\u00bb css=\u00a0\u00bb.vc_custom_1737607337107{padding-bottom: 88px !important;}\u00a0\u00bb][vc_column width=\u00a0\u00bb1\/2&Prime;][vc_single_image image=\u00a0\u00bb9112&Prime; img_size=\u00a0\u00bbfull\u00a0\u00bb title=\u00a0\u00bbMBOA-Market\u00a0\u00bb][vc_empty_space height=\u00a0\u00bb20px\u00a0\u00bb][\/vc_column][vc_column width=\u00a0\u00bb1\/2&Prime;][vc_empty_space height=\u00a0\u00bb20px\u00a0\u00bb][vc_column_text] MBOA-MARKET, exposez, vendez, valorisez votre savoir-faire! Le [&hellip;]","_links":{"self":[{"href":"https:\/\/symposium-mboa.com\/index.php?rest_route=\/wp\/v2\/pages\/8110","targetHints":{"allow":["GET"]}}],"collection":[{"href":"https:\/\/symposium-mboa.com\/index.php?rest_route=\/wp\/v2\/pages"}],"about":[{"href":"https:\/\/symposium-mboa.com\/index.php?rest_route=\/wp\/v2\/types\/page"}],"author":[{"embeddable":true,"href":"https:\/\/symposium-mboa.com\/index.php?rest_route=\/wp\/v2\/users\/1"}],"replies":[{"embeddable":true,"href":"https:\/\/symposium-mboa.com\/index.php?rest_route=%2Fwp%2Fv2%2Fcomments&post=8110"}],"version-history":[{"count":56,"href":"https:\/\/symposium-mboa.com\/index.php?rest_route=\/wp\/v2\/pages\/8110\/revisions"}],"predecessor-version":[{"id":12049,"href":"https:\/\/symposium-mboa.com\/index.php?rest_route=\/wp\/v2\/pages\/8110\/revisions\/12049"}],"up":[{"embeddable":true,"href":"https:\/\/symposium-mboa.com\/index.php?rest_route=\/wp\/v2\/pages\/11176"}],"wp:attachment":[{"href":"https:\/\/symposium-mboa.com\/index.php?rest_route=%2Fwp%2Fv2%2Fmedia&parent=8110"}],"wp:term":[{"taxonomy":"category","embeddable":true,"href":"https:\/\/symposium-mboa.com\/index.php?rest_route=%2Fwp%2Fv2%2Fcategories&post=8110"},{"taxonomy":"post_tag","embeddable":true,"href":"https:\/\/symposium-mboa.com\/index.php?rest_route=%2Fwp%2Fv2%2Ftags&post=8110"}],"curies":[{"name":"wp","href":"https:\/\/api.w.org\/{rel}","templated":true}]}}