{"id":11223,"date":"2025-12-17T15:28:00","date_gmt":"2025-12-17T15:28:00","guid":{"rendered":"https:\/\/symposium-mboa.com\/?page_id=11223"},"modified":"2026-01-09T05:26:58","modified_gmt":"2026-01-09T05:26:58","slug":"exposants-artisans","status":"publish","type":"page","link":"https:\/\/symposium-mboa.com\/?page_id=11223","title":{"rendered":"Exposants \/Artisans"},"content":{"rendered":"<section class=\"wpb-content-wrapper\"><p>[vc_row][vc_column width=\u00a0\u00bb1\/2&Prime;][vc_column_text]<\/p>\n<p data-start=\"236\" data-end=\"479\">Le <strong data-start=\"239\" data-end=\"266\">Festival Symposium-Mboa<\/strong> met \u00e0 disposition des exposants, artisans et gastronomes un espace structur\u00e9, visible et dynamique pour pr\u00e9senter leurs produits, valoriser leur expertise et rencontrer un public large, engag\u00e9 et multiculturel.<\/p>\n<p data-start=\"486\" data-end=\"637\">En rejoignant le Symposium-Mboa, vous b\u00e9n\u00e9ficiez d\u2019une plateforme de promotion, de vente et de networking au c\u0153ur d\u2019un \u00e9v\u00e9nement culturel de r\u00e9f\u00e9rence.<\/p>\n<p>[\/vc_column_text][vc_empty_space height=\u00a0\u00bb20px\u00a0\u00bb][vc_empty_space height=\u00a0\u00bb20px\u00a0\u00bb][vc_media_grid element_width=\u00a0\u00bb3&Prime; gap=\u00a0\u00bb3&Prime; grid_id=\u00a0\u00bbvc_gid:1767936022257-6aac97bd-b17f-0&Prime; include=\u00a0\u00bb9405,9125,9127,10301,9110,8751,8739,10298&Prime;][vc_empty_space height=\u00a0\u00bb20px\u00a0\u00bb][\/vc_column][vc_column width=\u00a0\u00bb1\/2&Prime; css=\u00a0\u00bb.vc_custom_1767934354432{border-top-width: 5px !important;border-right-width: 5px !important;border-bottom-width: 5px !important;border-left-width: 5px !important;border-left-color: #091075 !important;border-left-style: solid !important;border-right-color: #091075 !important;border-right-style: solid !important;border-top-color: #091075 !important;border-top-style: solid !important;border-bottom-color: #091075 !important;border-bottom-style: solid !important;border-radius: 10px !important;}\u00a0\u00bb]<div class=\"mkdf-section-title-holder  \" >\n\t<div class=\"mkdf-st-inner\">\n\t\t\t\t\t\t\t<h2 class=\"mkdf-st-title\" style=\"color: #091075\">\n\t\t\t\tFormulaire de demande de Stand\t\t\t\t<span class=\"mkdf-st-title-mark\" ><\/span>\n\t\t\t<\/h2>\n\t\t\t\t\t\t\t\t\t<\/div>\n<\/div>[vc_empty_space height=\u00a0\u00bb20px\u00a0\u00bb]\n<div class=\"wpcf7 no-js\" id=\"wpcf7-f8477-o1\" lang=\"fr-FR\" dir=\"ltr\" data-wpcf7-id=\"8477\">\n<div class=\"screen-reader-response\"><p role=\"status\" aria-live=\"polite\" aria-atomic=\"true\"><\/p> <ul><\/ul><\/div>\n<form action=\"\/index.php?rest_route=%2Fwp%2Fv2%2Fpages%2F11223#wpcf7-f8477-o1\" method=\"post\" class=\"wpcf7-form init\" aria-label=\"Formulaire de contact\" novalidate=\"novalidate\" data-status=\"init\">\n<fieldset class=\"hidden-fields-container\"><input type=\"hidden\" name=\"_wpcf7\" value=\"8477\" \/><input type=\"hidden\" name=\"_wpcf7_version\" value=\"6.1.5\" \/><input type=\"hidden\" name=\"_wpcf7_locale\" value=\"fr_FR\" \/><input type=\"hidden\" name=\"_wpcf7_unit_tag\" value=\"wpcf7-f8477-o1\" \/><input type=\"hidden\" name=\"_wpcf7_container_post\" value=\"0\" \/><input type=\"hidden\" name=\"_wpcf7_posted_data_hash\" value=\"\" \/>\n<\/fieldset>\n<div class=\"mkdf-grid-row mkdf-grid-small-gutter clearfix\">\n\t<div class=\"mkd-grid-col-6\">\n\t\t<p><label>Nom \/ Nom du stand *<\/label><br \/>\n<span class=\"wpcf7-form-control-wrap\" data-name=\"company-name\"><input size=\"40\" maxlength=\"400\" class=\"wpcf7-form-control wpcf7-text wpcf7-validates-as-required\" aria-required=\"true\" aria-invalid=\"false\" value=\"\" type=\"text\" name=\"company-name\" \/><\/span>\n\t\t<\/p>\n\t<\/div>\n\t<div class=\"mkd-grid-col-6\">\n\t\t<p><label>Nom du contact *<\/label><br \/>\n<span class=\"wpcf7-form-control-wrap\" data-name=\"contact-name\"><input size=\"40\" maxlength=\"400\" class=\"wpcf7-form-control wpcf7-text wpcf7-validates-as-required\" aria-required=\"true\" aria-invalid=\"false\" value=\"\" type=\"text\" name=\"contact-name\" \/><\/span>\n\t\t<\/p>\n\t<\/div>\n\t<div class=\"mkd-grid-col-6\">\n\t\t<p><label>Email *<\/label><br \/>\n<span class=\"wpcf7-form-control-wrap\" data-name=\"contact-email\"><input size=\"40\" maxlength=\"400\" class=\"wpcf7-form-control wpcf7-email wpcf7-validates-as-required wpcf7-text wpcf7-validates-as-email\" aria-required=\"true\" aria-invalid=\"false\" value=\"\" type=\"email\" name=\"contact-email\" \/><\/span>\n\t\t<\/p>\n\t<\/div>\n\t<div class=\"mkd-grid-col-6\">\n\t\t<p><label>T\u00e9l\u00e9phone *<\/label><br \/>\n<span class=\"wpcf7-form-control-wrap\" data-name=\"contact-phone\"><input size=\"40\" maxlength=\"400\" class=\"wpcf7-form-control wpcf7-tel wpcf7-validates-as-required wpcf7-text wpcf7-validates-as-tel\" aria-required=\"true\" aria-invalid=\"false\" value=\"\" type=\"tel\" name=\"contact-phone\" \/><\/span>\n\t\t<\/p>\n\t<\/div>\n\t<div class=\"mkd-grid-col-6\">\n\t\t<p><label>Type de stand souhait\u00e9 *<\/label><br \/>\n<span class=\"wpcf7-form-control-wrap\" data-name=\"stand-type\"><span class=\"wpcf7-form-control wpcf7-checkbox wpcf7-validates-as-required\"><span class=\"wpcf7-list-item first\"><label><input type=\"checkbox\" name=\"stand-type[]\" value=\"Stand Exposition\" \/><span class=\"wpcf7-list-item-label\">Stand Exposition<\/span><\/label><\/span><span class=\"wpcf7-list-item\"><label><input type=\"checkbox\" name=\"stand-type[]\" value=\"Stand Gastronomie\" \/><span class=\"wpcf7-list-item-label\">Stand Gastronomie<\/span><\/label><\/span><span class=\"wpcf7-list-item last\"><label><input type=\"checkbox\" name=\"stand-type[]\" value=\"Stand MBOA-Kids\" \/><span class=\"wpcf7-list-item-label\">Stand MBOA-Kids<\/span><\/label><\/span><\/span><\/span>\n\t\t<\/p>\n\t<\/div>\n\t<div class=\"mkd-grid-col-6\">\n\t\t<p><label>Dimension souhait\u00e9e *<\/label><br \/>\n<span class=\"wpcf7-form-control-wrap\" data-name=\"stand-size\"><select class=\"wpcf7-form-control wpcf7-select wpcf7-validates-as-required\" aria-required=\"true\" aria-invalid=\"false\" name=\"stand-size\"><option value=\"2 x 3 m\">2 x 3 m<\/option><option value=\"3 x 3 m\">3 x 3 m<\/option><option value=\"Autre (\u00e0 pr\u00e9ciser)\">Autre (\u00e0 pr\u00e9ciser)<\/option><\/select><\/span>\n\t\t<\/p>\n\t<\/div>\n<\/div>\n<p><label>Description des produits \/ services *<\/label><br \/>\n<span class=\"wpcf7-form-control-wrap\" data-name=\"stand-description\"><textarea cols=\"40\" rows=\"6\" maxlength=\"2000\" class=\"wpcf7-form-control wpcf7-textarea wpcf7-validates-as-required\" aria-required=\"true\" aria-invalid=\"false\" placeholder=\"Pr\u00e9sentez bri\u00e8vement vos produits ou services\" name=\"stand-description\"><\/textarea><\/span>\n<\/p>\n<p><label>Besoins sp\u00e9cifiques \/ remarques<\/label><br \/>\n<span class=\"wpcf7-form-control-wrap\" data-name=\"stand-notes\"><textarea cols=\"40\" rows=\"5\" maxlength=\"2000\" class=\"wpcf7-form-control wpcf7-textarea\" aria-invalid=\"false\" placeholder=\"\u00c9quipements, \u00e9lectricit\u00e9, eau, autres besoins\u2026\" name=\"stand-notes\"><\/textarea><\/span>\n<\/p>\n<p class=\"mkd-center-button\"><br \/>\n<input class=\"wpcf7-form-control wpcf7-submit has-spinner mkd-contact2\" type=\"submit\" value=\"Envoyer ma demande de stand\" \/>\n<\/p><div class=\"wpcf7-response-output\" aria-hidden=\"true\"><\/div>\n<\/form>\n<\/div>\n[vc_empty_space height=\u00a0\u00bb20px\u00a0\u00bb][\/vc_column][\/vc_row][vc_row][vc_column][vc_empty_space][\/vc_column][\/vc_row]<\/p>\n<\/section>","protected":false},"excerpt":{"rendered":"<p>[vc_row][vc_column width=\u00a0\u00bb1\/2&Prime;][vc_column_text] Le Festival Symposium-Mboa met \u00e0 disposition des exposants, artisans et gastronomes un espace structur\u00e9, visible et dynamique pour [&hellip;]<\/p>\n","protected":false},"author":2,"featured_media":0,"parent":11135,"menu_order":0,"comment_status":"closed","ping_status":"closed","template":"","meta":{"footnotes":""},"categories":[],"tags":[],"class_list":["post-11223","page","type-page","status-publish","hentry"],"rttpg_featured_image_url":null,"rttpg_author":{"display_name":"Presse","author_link":"https:\/\/symposium-mboa.com\/?author=2"},"rttpg_comment":0,"rttpg_category":false,"rttpg_excerpt":"[vc_row][vc_column width=\u00a0\u00bb1\/2&Prime;][vc_column_text] Le Festival Symposium-Mboa met \u00e0 disposition des exposants, artisans et gastronomes un espace structur\u00e9, visible et dynamique pour [&hellip;]","_links":{"self":[{"href":"https:\/\/symposium-mboa.com\/index.php?rest_route=\/wp\/v2\/pages\/11223","targetHints":{"allow":["GET"]}}],"collection":[{"href":"https:\/\/symposium-mboa.com\/index.php?rest_route=\/wp\/v2\/pages"}],"about":[{"href":"https:\/\/symposium-mboa.com\/index.php?rest_route=\/wp\/v2\/types\/page"}],"author":[{"embeddable":true,"href":"https:\/\/symposium-mboa.com\/index.php?rest_route=\/wp\/v2\/users\/2"}],"replies":[{"embeddable":true,"href":"https:\/\/symposium-mboa.com\/index.php?rest_route=%2Fwp%2Fv2%2Fcomments&post=11223"}],"version-history":[{"count":9,"href":"https:\/\/symposium-mboa.com\/index.php?rest_route=\/wp\/v2\/pages\/11223\/revisions"}],"predecessor-version":[{"id":12057,"href":"https:\/\/symposium-mboa.com\/index.php?rest_route=\/wp\/v2\/pages\/11223\/revisions\/12057"}],"up":[{"embeddable":true,"href":"https:\/\/symposium-mboa.com\/index.php?rest_route=\/wp\/v2\/pages\/11135"}],"wp:attachment":[{"href":"https:\/\/symposium-mboa.com\/index.php?rest_route=%2Fwp%2Fv2%2Fmedia&parent=11223"}],"wp:term":[{"taxonomy":"category","embeddable":true,"href":"https:\/\/symposium-mboa.com\/index.php?rest_route=%2Fwp%2Fv2%2Fcategories&post=11223"},{"taxonomy":"post_tag","embeddable":true,"href":"https:\/\/symposium-mboa.com\/index.php?rest_route=%2Fwp%2Fv2%2Ftags&post=11223"}],"curies":[{"name":"wp","href":"https:\/\/api.w.org\/{rel}","templated":true}]}}