{"id":11221,"date":"2025-12-17T15:20:42","date_gmt":"2025-12-17T15:20:42","guid":{"rendered":"https:\/\/symposium-mboa.com\/?page_id=11221"},"modified":"2026-01-12T04:05:47","modified_gmt":"2026-01-12T04:05:47","slug":"stands-gastronomiques","status":"publish","type":"page","link":"https:\/\/symposium-mboa.com\/?page_id=11221","title":{"rendered":"Stands Gastronomiques"},"content":{"rendered":"<section class=\"wpb-content-wrapper\"><p>[vc_row][vc_column width=\u00a0\u00bb1\/2&Prime;][vc_empty_space height=\u00a0\u00bb5px\u00a0\u00bb][vc_single_image image=\u00a0\u00bb12167&Prime; img_size=\u00a0\u00bblarge\u00a0\u00bb][vc_column_text]<\/p>\n<h3 data-start=\"187\" data-end=\"212\">Stands gastronomiques<\/h3>\n<p data-start=\"214\" data-end=\"439\">Offrez \u00e0 votre cuisine une <strong data-start=\"241\" data-end=\"264\">vitrine d\u2019exception<\/strong> au c\u0153ur du Symposium-Mboa.<br data-start=\"291\" data-end=\"294\" \/>Les stands gastronomiques sont un espace strat\u00e9gique de <strong data-start=\"350\" data-end=\"438\">vente, de visibilit\u00e9 et de connexion directe avec un public large, curieux et engag\u00e9<\/strong>.<\/p>\n<p data-start=\"441\" data-end=\"607\">Valorisez vos sp\u00e9cialit\u00e9s, d\u00e9veloppez votre notori\u00e9t\u00e9, testez vos produits et cr\u00e9ez des opportunit\u00e9s durables dans une ambiance festive, culturelle et internationale.<\/p>\n<p data-start=\"609\" data-end=\"708\">\ud83d\udc49 <strong data-start=\"612\" data-end=\"651\">R\u00e9servez votre stand d\u00e8s maintenant<\/strong> et faites de votre gastronomie une exp\u00e9rience m\u00e9morable.<\/p>\n<p>[\/vc_column_text][\/vc_column][vc_column width=\u00a0\u00bb1\/2&Prime; css=\u00a0\u00bb.vc_custom_1768189090058{border-top-width: 5px !important;border-right-width: 5px !important;border-bottom-width: 5px !important;border-left-width: 5px !important;border-left-color: #091075 !important;border-left-style: solid !important;border-right-color: #091075 !important;border-right-style: solid !important;border-top-color: #091075 !important;border-top-style: solid !important;border-bottom-color: #091075 !important;border-bottom-style: solid !important;border-radius: 5px !important;}\u00a0\u00bb][vc_empty_space]\n<div class=\"wpcf7 no-js\" id=\"wpcf7-f8477-o1\" lang=\"fr-FR\" dir=\"ltr\" data-wpcf7-id=\"8477\">\n<div class=\"screen-reader-response\"><p role=\"status\" aria-live=\"polite\" aria-atomic=\"true\"><\/p> <ul><\/ul><\/div>\n<form action=\"\/index.php?rest_route=%2Fwp%2Fv2%2Fpages%2F11221#wpcf7-f8477-o1\" method=\"post\" class=\"wpcf7-form init\" aria-label=\"Formulaire de contact\" novalidate=\"novalidate\" data-status=\"init\">\n<fieldset class=\"hidden-fields-container\"><input type=\"hidden\" name=\"_wpcf7\" value=\"8477\" \/><input type=\"hidden\" name=\"_wpcf7_version\" value=\"6.1.5\" \/><input type=\"hidden\" name=\"_wpcf7_locale\" value=\"fr_FR\" \/><input type=\"hidden\" name=\"_wpcf7_unit_tag\" value=\"wpcf7-f8477-o1\" \/><input type=\"hidden\" name=\"_wpcf7_container_post\" value=\"0\" \/><input type=\"hidden\" name=\"_wpcf7_posted_data_hash\" value=\"\" \/>\n<\/fieldset>\n<div class=\"mkdf-grid-row mkdf-grid-small-gutter clearfix\">\n\t<div class=\"mkd-grid-col-6\">\n\t\t<p><label>Nom \/ Nom du stand *<\/label><br \/>\n<span class=\"wpcf7-form-control-wrap\" data-name=\"company-name\"><input size=\"40\" maxlength=\"400\" class=\"wpcf7-form-control wpcf7-text wpcf7-validates-as-required\" aria-required=\"true\" aria-invalid=\"false\" value=\"\" type=\"text\" name=\"company-name\" \/><\/span>\n\t\t<\/p>\n\t<\/div>\n\t<div class=\"mkd-grid-col-6\">\n\t\t<p><label>Nom du contact *<\/label><br \/>\n<span class=\"wpcf7-form-control-wrap\" data-name=\"contact-name\"><input size=\"40\" maxlength=\"400\" class=\"wpcf7-form-control wpcf7-text wpcf7-validates-as-required\" aria-required=\"true\" aria-invalid=\"false\" value=\"\" type=\"text\" name=\"contact-name\" \/><\/span>\n\t\t<\/p>\n\t<\/div>\n\t<div class=\"mkd-grid-col-6\">\n\t\t<p><label>Email *<\/label><br \/>\n<span class=\"wpcf7-form-control-wrap\" data-name=\"contact-email\"><input size=\"40\" maxlength=\"400\" class=\"wpcf7-form-control wpcf7-email wpcf7-validates-as-required wpcf7-text wpcf7-validates-as-email\" aria-required=\"true\" aria-invalid=\"false\" value=\"\" type=\"email\" name=\"contact-email\" \/><\/span>\n\t\t<\/p>\n\t<\/div>\n\t<div class=\"mkd-grid-col-6\">\n\t\t<p><label>T\u00e9l\u00e9phone *<\/label><br \/>\n<span class=\"wpcf7-form-control-wrap\" data-name=\"contact-phone\"><input size=\"40\" maxlength=\"400\" class=\"wpcf7-form-control wpcf7-tel wpcf7-validates-as-required wpcf7-text wpcf7-validates-as-tel\" aria-required=\"true\" aria-invalid=\"false\" value=\"\" type=\"tel\" name=\"contact-phone\" \/><\/span>\n\t\t<\/p>\n\t<\/div>\n\t<div class=\"mkd-grid-col-6\">\n\t\t<p><label>Type de stand souhait\u00e9 *<\/label><br \/>\n<span class=\"wpcf7-form-control-wrap\" data-name=\"stand-type\"><span class=\"wpcf7-form-control wpcf7-checkbox wpcf7-validates-as-required\"><span class=\"wpcf7-list-item first\"><label><input type=\"checkbox\" name=\"stand-type[]\" value=\"Stand Exposition\" \/><span class=\"wpcf7-list-item-label\">Stand Exposition<\/span><\/label><\/span><span class=\"wpcf7-list-item\"><label><input type=\"checkbox\" name=\"stand-type[]\" value=\"Stand Gastronomie\" \/><span class=\"wpcf7-list-item-label\">Stand Gastronomie<\/span><\/label><\/span><span class=\"wpcf7-list-item last\"><label><input type=\"checkbox\" name=\"stand-type[]\" value=\"Stand MBOA-Kids\" \/><span class=\"wpcf7-list-item-label\">Stand MBOA-Kids<\/span><\/label><\/span><\/span><\/span>\n\t\t<\/p>\n\t<\/div>\n\t<div class=\"mkd-grid-col-6\">\n\t\t<p><label>Dimension souhait\u00e9e *<\/label><br \/>\n<span class=\"wpcf7-form-control-wrap\" data-name=\"stand-size\"><select class=\"wpcf7-form-control wpcf7-select wpcf7-validates-as-required\" aria-required=\"true\" aria-invalid=\"false\" name=\"stand-size\"><option value=\"2 x 3 m\">2 x 3 m<\/option><option value=\"3 x 3 m\">3 x 3 m<\/option><option value=\"Autre (\u00e0 pr\u00e9ciser)\">Autre (\u00e0 pr\u00e9ciser)<\/option><\/select><\/span>\n\t\t<\/p>\n\t<\/div>\n<\/div>\n<p><label>Description des produits \/ services *<\/label><br \/>\n<span class=\"wpcf7-form-control-wrap\" data-name=\"stand-description\"><textarea cols=\"40\" rows=\"6\" maxlength=\"2000\" class=\"wpcf7-form-control wpcf7-textarea wpcf7-validates-as-required\" aria-required=\"true\" aria-invalid=\"false\" placeholder=\"Pr\u00e9sentez bri\u00e8vement vos produits ou services\" name=\"stand-description\"><\/textarea><\/span>\n<\/p>\n<p><label>Besoins sp\u00e9cifiques \/ remarques<\/label><br \/>\n<span class=\"wpcf7-form-control-wrap\" data-name=\"stand-notes\"><textarea cols=\"40\" rows=\"5\" maxlength=\"2000\" class=\"wpcf7-form-control wpcf7-textarea\" aria-invalid=\"false\" placeholder=\"\u00c9quipements, \u00e9lectricit\u00e9, eau, autres besoins\u2026\" name=\"stand-notes\"><\/textarea><\/span>\n<\/p>\n<p class=\"mkd-center-button\"><br \/>\n<input class=\"wpcf7-form-control wpcf7-submit has-spinner mkd-contact2\" type=\"submit\" value=\"Envoyer ma demande de stand\" \/>\n<\/p><div class=\"wpcf7-response-output\" aria-hidden=\"true\"><\/div>\n<\/form>\n<\/div>\n[vc_empty_space][\/vc_column][\/vc_row][vc_row][vc_column][vc_empty_space height=\u00a0\u00bb10px\u00a0\u00bb][\/vc_column][\/vc_row]<\/p>\n<\/section>","protected":false},"excerpt":{"rendered":"<p>[vc_row][vc_column width=\u00a0\u00bb1\/2&Prime;][vc_empty_space height=\u00a0\u00bb5px\u00a0\u00bb][vc_single_image image=\u00a0\u00bb12167&Prime; img_size=\u00a0\u00bblarge\u00a0\u00bb][vc_column_text] Stands gastronomiques Offrez \u00e0 votre cuisine une vitrine d\u2019exception au c\u0153ur du Symposium-Mboa.Les stands gastronomiques [&hellip;]<\/p>\n","protected":false},"author":2,"featured_media":0,"parent":11135,"menu_order":0,"comment_status":"closed","ping_status":"closed","template":"","meta":{"footnotes":""},"categories":[],"tags":[],"class_list":["post-11221","page","type-page","status-publish","hentry"],"rttpg_featured_image_url":null,"rttpg_author":{"display_name":"Presse","author_link":"https:\/\/symposium-mboa.com\/?author=2"},"rttpg_comment":0,"rttpg_category":false,"rttpg_excerpt":"[vc_row][vc_column width=\u00a0\u00bb1\/2&Prime;][vc_empty_space height=\u00a0\u00bb5px\u00a0\u00bb][vc_single_image image=\u00a0\u00bb12167&Prime; img_size=\u00a0\u00bblarge\u00a0\u00bb][vc_column_text] Stands gastronomiques Offrez \u00e0 votre cuisine une vitrine d\u2019exception au c\u0153ur du Symposium-Mboa.Les stands gastronomiques [&hellip;]","_links":{"self":[{"href":"https:\/\/symposium-mboa.com\/index.php?rest_route=\/wp\/v2\/pages\/11221","targetHints":{"allow":["GET"]}}],"collection":[{"href":"https:\/\/symposium-mboa.com\/index.php?rest_route=\/wp\/v2\/pages"}],"about":[{"href":"https:\/\/symposium-mboa.com\/index.php?rest_route=\/wp\/v2\/types\/page"}],"author":[{"embeddable":true,"href":"https:\/\/symposium-mboa.com\/index.php?rest_route=\/wp\/v2\/users\/2"}],"replies":[{"embeddable":true,"href":"https:\/\/symposium-mboa.com\/index.php?rest_route=%2Fwp%2Fv2%2Fcomments&post=11221"}],"version-history":[{"count":10,"href":"https:\/\/symposium-mboa.com\/index.php?rest_route=\/wp\/v2\/pages\/11221\/revisions"}],"predecessor-version":[{"id":12169,"href":"https:\/\/symposium-mboa.com\/index.php?rest_route=\/wp\/v2\/pages\/11221\/revisions\/12169"}],"up":[{"embeddable":true,"href":"https:\/\/symposium-mboa.com\/index.php?rest_route=\/wp\/v2\/pages\/11135"}],"wp:attachment":[{"href":"https:\/\/symposium-mboa.com\/index.php?rest_route=%2Fwp%2Fv2%2Fmedia&parent=11221"}],"wp:term":[{"taxonomy":"category","embeddable":true,"href":"https:\/\/symposium-mboa.com\/index.php?rest_route=%2Fwp%2Fv2%2Fcategories&post=11221"},{"taxonomy":"post_tag","embeddable":true,"href":"https:\/\/symposium-mboa.com\/index.php?rest_route=%2Fwp%2Fv2%2Ftags&post=11221"}],"curies":[{"name":"wp","href":"https:\/\/api.w.org\/{rel}","templated":true}]}}