{"id":11212,"date":"2025-12-17T14:38:42","date_gmt":"2025-12-17T14:38:42","guid":{"rendered":"https:\/\/symposium-mboa.com\/?page_id=11212"},"modified":"2026-01-12T08:37:26","modified_gmt":"2026-01-12T08:37:26","slug":"salon-du-livre","status":"publish","type":"page","link":"https:\/\/symposium-mboa.com\/?page_id=11212","title":{"rendered":"Salon du Livre"},"content":{"rendered":"<div class=\"wp-block-cover\"><img loading=\"lazy\" decoding=\"async\" width=\"1024\" height=\"683\" class=\"wp-block-cover__image-background wp-image-12174 size-large\" alt=\"\" src=\"https:\/\/symposium-mboa.com\/wp-content\/uploads\/2026\/01\/ChatGPT-Image-12.-Jan.-2026-06_40_19-1024x683.png\" data-object-fit=\"cover\" srcset=\"https:\/\/symposium-mboa.com\/wp-content\/uploads\/2026\/01\/ChatGPT-Image-12.-Jan.-2026-06_40_19-1024x683.png 1024w, https:\/\/symposium-mboa.com\/wp-content\/uploads\/2026\/01\/ChatGPT-Image-12.-Jan.-2026-06_40_19-250x167.png 250w, https:\/\/symposium-mboa.com\/wp-content\/uploads\/2026\/01\/ChatGPT-Image-12.-Jan.-2026-06_40_19-768x512.png 768w, https:\/\/symposium-mboa.com\/wp-content\/uploads\/2026\/01\/ChatGPT-Image-12.-Jan.-2026-06_40_19.png 1536w\" sizes=\"auto, (max-width: 1024px) 100vw, 1024px\" \/><span aria-hidden=\"true\" class=\"wp-block-cover__background has-background-dim\" style=\"background-color:#757476\"><\/span><div class=\"wp-block-cover__inner-container is-layout-constrained wp-block-cover-is-layout-constrained\"><p class=\"has-large-font-size\">&nbsp;<\/p><\/div><\/div><div class=\"wp-block-spacer\" style=\"height: 17px;\" aria-hidden=\"true\">\u00a0<\/div><div class=\"wp-block-columns is-layout-flex wp-container-core-columns-is-layout-9d6595d7 wp-block-columns-is-layout-flex\"><div class=\"wp-block-column is-layout-flow wp-block-column-is-layout-flow\"><div class=\"wp-block-columns is-layout-flex wp-container-core-columns-is-layout-9d6595d7 wp-block-columns-is-layout-flex\"><div class=\"wp-block-column is-layout-flow wp-block-column-is-layout-flow\"><p>Pour la premi\u00e8re fois, le Symposium-Mboa inaugure son Salon du Livre, un espace d\u00e9di\u00e9 au savoir, \u00e0 la pens\u00e9e et \u00e0 la transmission culturelle.<\/p>\n\n<p><strong>Le dimanche 24 mai 2026, de 11h00 \u00e0 16h00, sur le site du complexe sportif du Symposium-Mboa,<\/strong> auteurs, \u00e9diteurs et passionn\u00e9s de lecture se retrouveront pour c\u00e9l\u00e9brer les litt\u00e9ratures africaines et afrodescendantes.<\/p>\n\n<p>Le Salon du Livre se veut un lieu d\u2019\u00e9changes, de d\u00e9couvertes et de rencontres, favorisant la visibilit\u00e9 des \u0153uvres et le dialogue interculturel dans un cadre accessible au grand public.<\/p><\/div>\n\n<div class=\"wp-block-column is-layout-flow wp-block-column-is-layout-flow\"><p><em>Auteurs, \u00e9diteurs, maisons d\u2019\u00e9dition et acteurs du livre : participez \u00e0 la premi\u00e8re \u00e9dition du Salon du Livre du Symposium-Mboa et donnez de la visibilit\u00e9 \u00e0 vos \u0153uvres.<\/em><\/p>\n\n<!-- Bouton Participer --> <a id=\"openSalonLivre\" class=\"salon-btn\"><\/a> Participer au Salon du Livre <!-- Modale -->\n<div id=\"salonModal\" class=\"salon-modal\">\n<div class=\"salon-modal-content\">\n<div class=\"wpcf7 no-js\" id=\"wpcf7-f12171-o1\" lang=\"fr-FR\" dir=\"ltr\" data-wpcf7-id=\"12171\">\n<div class=\"screen-reader-response\"><p role=\"status\" aria-live=\"polite\" aria-atomic=\"true\"><\/p> <ul><\/ul><\/div>\n<form action=\"\/index.php?rest_route=%2Fwp%2Fv2%2Fpages%2F11212#wpcf7-f12171-o1\" method=\"post\" class=\"wpcf7-form init\" aria-label=\"Formulaire de contact\" novalidate=\"novalidate\" data-status=\"init\">\n<fieldset class=\"hidden-fields-container\"><input type=\"hidden\" name=\"_wpcf7\" value=\"12171\" \/><input type=\"hidden\" name=\"_wpcf7_version\" value=\"6.1.5\" \/><input type=\"hidden\" name=\"_wpcf7_locale\" value=\"fr_FR\" \/><input type=\"hidden\" name=\"_wpcf7_unit_tag\" value=\"wpcf7-f12171-o1\" \/><input type=\"hidden\" name=\"_wpcf7_container_post\" value=\"0\" \/><input type=\"hidden\" name=\"_wpcf7_posted_data_hash\" value=\"\" \/>\n<\/fieldset>\n<p><label>Nom & Pr\u00e9nom *<\/label><br \/>\n<span class=\"wpcf7-form-control-wrap\" data-name=\"nom-prenom\"><input size=\"40\" maxlength=\"400\" class=\"wpcf7-form-control wpcf7-text wpcf7-validates-as-required\" autocomplete=\"name\" aria-required=\"true\" aria-invalid=\"false\" value=\"\" type=\"text\" name=\"nom-prenom\" \/><\/span>\n<\/p>\n<p><label>Adresse e-mail *<\/label><br \/>\n<span class=\"wpcf7-form-control-wrap\" data-name=\"email-participant\"><input size=\"40\" maxlength=\"400\" class=\"wpcf7-form-control wpcf7-email wpcf7-validates-as-required wpcf7-text wpcf7-validates-as-email\" autocomplete=\"email\" aria-required=\"true\" aria-invalid=\"false\" value=\"\" type=\"email\" name=\"email-participant\" \/><\/span>\n<\/p>\n<p><label>T\u00e9l\u00e9phone<\/label><br \/>\n<span class=\"wpcf7-form-control-wrap\" data-name=\"telephone\"><input size=\"40\" maxlength=\"400\" class=\"wpcf7-form-control wpcf7-text\" aria-invalid=\"false\" value=\"\" type=\"text\" name=\"telephone\" \/><\/span>\n<\/p>\n<p><label>Ville \/ Pays<\/label><br \/>\n<span class=\"wpcf7-form-control-wrap\" data-name=\"localisation\"><input size=\"40\" maxlength=\"400\" class=\"wpcf7-form-control wpcf7-text\" aria-invalid=\"false\" value=\"\" type=\"text\" name=\"localisation\" \/><\/span>\n<\/p>\n<p><label>Vous participez en tant que * (obligatoire)<\/label><br \/>\n<span class=\"wpcf7-form-control-wrap\" data-name=\"qualite-participant\"><span class=\"wpcf7-form-control wpcf7-checkbox wpcf7-validates-as-required\"><span class=\"wpcf7-list-item first\"><label><input type=\"checkbox\" name=\"qualite-participant[]\" value=\"Auteur\" \/><span class=\"wpcf7-list-item-label\">Auteur<\/span><\/label><\/span><span class=\"wpcf7-list-item\"><label><input type=\"checkbox\" name=\"qualite-participant[]\" value=\"\u00c9diteur\" \/><span class=\"wpcf7-list-item-label\">\u00c9diteur<\/span><\/label><\/span><span class=\"wpcf7-list-item\"><label><input type=\"checkbox\" name=\"qualite-participant[]\" value=\"R\u00e9alisateur\" \/><span class=\"wpcf7-list-item-label\">R\u00e9alisateur<\/span><\/label><\/span><span class=\"wpcf7-list-item last\"><label><input type=\"checkbox\" name=\"qualite-participant[]\" value=\"Visiteur\" \/><span class=\"wpcf7-list-item-label\">Visiteur<\/span><\/label><\/span><\/span><\/span>\n<\/p>\n<p><label>Titre du livre \/ Projet \/ Structure (si applicable)<\/label><br \/>\n<span class=\"wpcf7-form-control-wrap\" data-name=\"projet\"><input size=\"40\" maxlength=\"400\" class=\"wpcf7-form-control wpcf7-text\" aria-invalid=\"false\" value=\"\" type=\"text\" name=\"projet\" \/><\/span>\n<\/p>\n<p><label>Message \/ Informations compl\u00e9mentaires<\/label><br \/>\n<span class=\"wpcf7-form-control-wrap\" data-name=\"message\"><textarea cols=\"40\" rows=\"6\" maxlength=\"2000\" class=\"wpcf7-form-control wpcf7-textarea\" aria-invalid=\"false\" placeholder=\"Pr\u00e9sentez bri\u00e8vement votre participation ou vos attentes\" name=\"message\"><\/textarea><\/span>\n<\/p>\n<p><label><br \/>\n[acceptance* conditions]<br \/>\nJ\u2019accepte d\u2019\u00eatre contact\u00e9(e) par l\u2019organisation du Symposium-Mboa.<br \/>\n<\/label>\n<\/p>\n<p><input class=\"wpcf7-form-control wpcf7-submit has-spinner\" type=\"submit\" value=\"Envoyer ma participation\" \/>\n<\/p><div class=\"wpcf7-response-output\" aria-hidden=\"true\"><\/div>\n<\/form>\n<\/div>\n<\/div>\n<\/div><\/div><\/div><\/div><\/div><div class=\"wp-block-spacer\" style=\"height: 9px;\" aria-hidden=\"true\">\u00a0<\/div><p>&nbsp;<\/p>","protected":false},"excerpt":{"rendered":"<p>Pour la premi\u00e8re fois, le Symposium-Mboa inaugure son Salon du Livre, un espace d\u00e9di\u00e9 au savoir, \u00e0 la pens\u00e9e et [&hellip;]<\/p>\n","protected":false},"author":2,"featured_media":0,"parent":0,"menu_order":0,"comment_status":"closed","ping_status":"closed","template":"","meta":{"footnotes":""},"categories":[],"tags":[],"class_list":["post-11212","page","type-page","status-publish","hentry"],"rttpg_featured_image_url":null,"rttpg_author":{"display_name":"Presse","author_link":"https:\/\/symposium-mboa.com\/?author=2"},"rttpg_comment":0,"rttpg_category":false,"rttpg_excerpt":"Pour la premi\u00e8re fois, le Symposium-Mboa inaugure son Salon du Livre, un espace d\u00e9di\u00e9 au savoir, \u00e0 la pens\u00e9e et [&hellip;]","_links":{"self":[{"href":"https:\/\/symposium-mboa.com\/index.php?rest_route=\/wp\/v2\/pages\/11212","targetHints":{"allow":["GET"]}}],"collection":[{"href":"https:\/\/symposium-mboa.com\/index.php?rest_route=\/wp\/v2\/pages"}],"about":[{"href":"https:\/\/symposium-mboa.com\/index.php?rest_route=\/wp\/v2\/types\/page"}],"author":[{"embeddable":true,"href":"https:\/\/symposium-mboa.com\/index.php?rest_route=\/wp\/v2\/users\/2"}],"replies":[{"embeddable":true,"href":"https:\/\/symposium-mboa.com\/index.php?rest_route=%2Fwp%2Fv2%2Fcomments&post=11212"}],"version-history":[{"count":16,"href":"https:\/\/symposium-mboa.com\/index.php?rest_route=\/wp\/v2\/pages\/11212\/revisions"}],"predecessor-version":[{"id":12198,"href":"https:\/\/symposium-mboa.com\/index.php?rest_route=\/wp\/v2\/pages\/11212\/revisions\/12198"}],"wp:attachment":[{"href":"https:\/\/symposium-mboa.com\/index.php?rest_route=%2Fwp%2Fv2%2Fmedia&parent=11212"}],"wp:term":[{"taxonomy":"category","embeddable":true,"href":"https:\/\/symposium-mboa.com\/index.php?rest_route=%2Fwp%2Fv2%2Fcategories&post=11212"},{"taxonomy":"post_tag","embeddable":true,"href":"https:\/\/symposium-mboa.com\/index.php?rest_route=%2Fwp%2Fv2%2Ftags&post=11212"}],"curies":[{"name":"wp","href":"https:\/\/api.w.org\/{rel}","templated":true}]}}