{"id":11176,"date":"2025-12-17T13:45:04","date_gmt":"2025-12-17T13:45:04","guid":{"rendered":"https:\/\/symposium-mboa.com\/?page_id=11176"},"modified":"2026-01-03T02:23:27","modified_gmt":"2026-01-03T02:23:27","slug":"activites-culturelles","status":"publish","type":"page","link":"https:\/\/symposium-mboa.com\/?page_id=11176","title":{"rendered":"Activit\u00e9s Culturelles"},"content":{"rendered":"<div class=\"wp-block-media-text is-stacked-on-mobile\"><figure class=\"wp-block-media-text__media\"><img loading=\"lazy\" decoding=\"async\" width=\"1024\" height=\"576\" src=\"https:\/\/symposium-mboa.com\/wp-content\/uploads\/2025\/01\/Henry-D-1024x576.png\" alt=\"\" class=\"wp-image-10416 size-full\" srcset=\"https:\/\/symposium-mboa.com\/wp-content\/uploads\/2025\/01\/Henry-D-1024x576.png 1024w, https:\/\/symposium-mboa.com\/wp-content\/uploads\/2025\/01\/Henry-D-250x141.png 250w, https:\/\/symposium-mboa.com\/wp-content\/uploads\/2025\/01\/Henry-D-768x432.png 768w, https:\/\/symposium-mboa.com\/wp-content\/uploads\/2025\/01\/Henry-D-1536x864.png 1536w, https:\/\/symposium-mboa.com\/wp-content\/uploads\/2025\/01\/Henry-D.png 1920w\" sizes=\"auto, (max-width: 1024px) 100vw, 1024px\" \/><\/figure><div class=\"wp-block-media-text__content\"><p>Tout notre programme r\u00e9latif aux enfants. Cliquez sur le bouton suivant<\/p>\n\n<div class=\"wp-block-buttons is-layout-flex wp-block-buttons-is-layout-flex\"><div class=\"wp-block-button is-style-outline is-style-outline--1\"><a class=\"wp-block-button__link wp-element-button\" href=\"https:\/\/symposium-mboa.com\/smile-back\/\">MBOA-Kids<\/a><\/div><\/div>\n\n<p>Espace d&rsquo;\u00e9change, de promotion et de ventes de produits, le MBOA-Market est l&rsquo;espace par excellence entre producteur\/fournisseur et clients. Cliquez ici, svp<\/p>\n\n<div class=\"wp-block-buttons is-layout-flex wp-block-buttons-is-layout-flex\"><div class=\"wp-block-button is-style-outline is-style-outline--2\"><a class=\"wp-block-button__link wp-element-button\" href=\"https:\/\/symposium-mboa.com\/mboa-market\/\">MBOA-market<\/a><\/div><\/div>\n\n<p>Notre podium au fil des temps s&rsquo;est forg\u00e9 une r\u00e9putation gr\u00e2ce \u00e0 ses programmes toujours all\u00e9chants d&rsquo;\u00e9dition en \u00e9dition. Pour en savoir plus, cliquez ci-dessous<\/p>\n\n<div class=\"wp-block-buttons is-layout-flex wp-block-buttons-is-layout-flex\"><div class=\"wp-block-button is-style-outline is-style-outline--3\"><a class=\"wp-block-button__link wp-element-button\" href=\"https:\/\/symposium-mboa.com\/live-on-stage\/\">live on stage<\/a><\/div><\/div>\n\n<p>Le Symposium-MBOA vous offre un concept de Bo\u00eete de nuit sans pareil, d\u00e9couvrez-en plus en cliquant sur le Bouton ci-dessous<\/p>\n\n<div class=\"wp-block-buttons is-layout-flex wp-block-buttons-is-layout-flex\"><div class=\"wp-block-button is-style-outline is-style-outline--4\"><a class=\"wp-block-button__link wp-element-button\" href=\"https:\/\/symposium-mboa.com\/mboa-glam\/\">mboa party night<\/a><\/div><\/div><\/div><\/div><div style=\"height:48px\" aria-hidden=\"true\" class=\"wp-block-spacer\"><\/div>","protected":false},"excerpt":{"rendered":"Tout notre programme r\u00e9latif aux enfants. Cliquez sur le bouton suivant MBOA-Kids Espace d'\u00e9change, de promotion et de ventes de [...]","protected":false},"author":2,"featured_media":0,"parent":11133,"menu_order":0,"comment_status":"closed","ping_status":"closed","template":"","meta":{"footnotes":""},"categories":[],"tags":[],"class_list":["post-11176","page","type-page","status-publish","hentry"],"rttpg_featured_image_url":null,"rttpg_author":{"display_name":"Presse","author_link":"https:\/\/symposium-mboa.com\/?author=2"},"rttpg_comment":0,"rttpg_category":false,"rttpg_excerpt":null,"_links":{"self":[{"href":"https:\/\/symposium-mboa.com\/index.php?rest_route=\/wp\/v2\/pages\/11176","targetHints":{"allow":["GET"]}}],"collection":[{"href":"https:\/\/symposium-mboa.com\/index.php?rest_route=\/wp\/v2\/pages"}],"about":[{"href":"https:\/\/symposium-mboa.com\/index.php?rest_route=\/wp\/v2\/types\/page"}],"author":[{"embeddable":true,"href":"https:\/\/symposium-mboa.com\/index.php?rest_route=\/wp\/v2\/users\/2"}],"replies":[{"embeddable":true,"href":"https:\/\/symposium-mboa.com\/index.php?rest_route=%2Fwp%2Fv2%2Fcomments&post=11176"}],"version-history":[{"count":7,"href":"https:\/\/symposium-mboa.com\/index.php?rest_route=\/wp\/v2\/pages\/11176\/revisions"}],"predecessor-version":[{"id":11847,"href":"https:\/\/symposium-mboa.com\/index.php?rest_route=\/wp\/v2\/pages\/11176\/revisions\/11847"}],"up":[{"embeddable":true,"href":"https:\/\/symposium-mboa.com\/index.php?rest_route=\/wp\/v2\/pages\/11133"}],"wp:attachment":[{"href":"https:\/\/symposium-mboa.com\/index.php?rest_route=%2Fwp%2Fv2%2Fmedia&parent=11176"}],"wp:term":[{"taxonomy":"category","embeddable":true,"href":"https:\/\/symposium-mboa.com\/index.php?rest_route=%2Fwp%2Fv2%2Fcategories&post=11176"},{"taxonomy":"post_tag","embeddable":true,"href":"https:\/\/symposium-mboa.com\/index.php?rest_route=%2Fwp%2Fv2%2Ftags&post=11176"}],"curies":[{"name":"wp","href":"https:\/\/api.w.org\/{rel}","templated":true}]}}