{"id":11171,"date":"2025-12-17T13:29:46","date_gmt":"2025-12-17T13:29:46","guid":{"rendered":"https:\/\/symposium-mboa.com\/?page_id=11171"},"modified":"2026-01-08T06:19:30","modified_gmt":"2026-01-08T06:19:30","slug":"the-deal-business","status":"publish","type":"page","link":"https:\/\/symposium-mboa.com\/?page_id=11171","title":{"rendered":"The DEAL &#8211; Business"},"content":{"rendered":"<section class=\"wpb-content-wrapper\"><p>[vc_row][vc_column][vc_single_image image=\u00a0\u00bb11472&Prime; img_size=\u00a0\u00bbfull\u00a0\u00bb][\/vc_column][\/vc_row][vc_row][vc_column width=\u00a0\u00bb1\/2&Prime;][vc_column_text]<\/p>\n<h2 data-start=\"328\" data-end=\"354\"><strong data-start=\"331\" data-end=\"354\">THE DEAL \u2013 BUSINESS<\/strong><\/h2>\n<h3 data-start=\"355\" data-end=\"426\"><strong data-start=\"359\" data-end=\"426\">L\u2019espace des id\u00e9es, des opportunit\u00e9s et des connexions durables<\/strong><\/h3>\n<p data-start=\"428\" data-end=\"735\"><strong data-start=\"428\" data-end=\"451\">The DEAL \u2013 Business<\/strong> est la plateforme \u00e9conomique et intellectuelle du <strong data-start=\"502\" data-end=\"520\">Symposium-MBOA<\/strong>.<br data-start=\"521\" data-end=\"524\" \/>Pens\u00e9 comme un <strong data-start=\"539\" data-end=\"571\">lieu d\u2019\u00e9changes strat\u00e9giques<\/strong>, il r\u00e9unit entrepreneurs, investisseurs, porteurs de projets, experts et acteurs institutionnels autour des enjeux \u00e9conomiques, sociaux et culturels contemporains.<\/p>\n<p data-start=\"737\" data-end=\"848\">\u00c0 travers <strong data-start=\"747\" data-end=\"821\">panels, prises de parole, discussions ouvertes et retours d\u2019exp\u00e9rience<\/strong>, The DEAL met en lumi\u00e8re :<\/p>\n<ul>\n<li data-start=\"851\" data-end=\"903\">des <strong data-start=\"855\" data-end=\"900\">initiatives entrepreneuriales inspirantes<\/strong>,<\/li>\n<li data-start=\"906\" data-end=\"953\">des <strong data-start=\"910\" data-end=\"950\">parcours professionnels structurants<\/strong>,<\/li>\n<li data-start=\"956\" data-end=\"1016\">des <strong data-start=\"960\" data-end=\"1013\">opportunit\u00e9s de collaboration et d\u2019investissement<\/strong>,<\/li>\n<li data-start=\"1019\" data-end=\"1111\">et des <strong data-start=\"1026\" data-end=\"1110\">r\u00e9flexions concr\u00e8tes sur le d\u00e9veloppement, l\u2019innovation et la cr\u00e9ation de valeur<\/strong>.<\/li>\n<\/ul>\n<p data-start=\"1113\" data-end=\"1294\">The DEAL \u2013 Business se veut un espace <strong data-start=\"1151\" data-end=\"1199\">accessible, constructif et orient\u00e9 solutions<\/strong>, favorisant le dialogue entre les communaut\u00e9s, les g\u00e9n\u00e9rations et les \u00e9cosyst\u00e8mes \u00e9conomiques.<\/p>\n<p data-start=\"1296\" data-end=\"1392\">\ud83d\udc49 <strong data-start=\"1299\" data-end=\"1392\">Ici, les id\u00e9es prennent forme, les r\u00e9seaux se construisent et les opportunit\u00e9s se cr\u00e9ent.<\/strong><\/p>\n<p>[\/vc_column_text][vc_empty_space][vc_empty_space][\/vc_column][vc_column width=\u00a0\u00bb1\/2&Prime;][vc_empty_space][vc_single_image image=\u00a0\u00bb9132&Prime; img_size=\u00a0\u00bblarge\u00a0\u00bb][\/vc_column][\/vc_row]<\/p>\n<\/section>","protected":false},"excerpt":{"rendered":"<p>[vc_row][vc_column][vc_single_image image=\u00a0\u00bb11472&Prime; img_size=\u00a0\u00bbfull\u00a0\u00bb][\/vc_column][\/vc_row][vc_row][vc_column width=\u00a0\u00bb1\/2&Prime;][vc_column_text] THE DEAL \u2013 BUSINESS L\u2019espace des id\u00e9es, des opportunit\u00e9s et des connexions durables The DEAL \u2013 [&hellip;]<\/p>\n","protected":false},"author":2,"featured_media":0,"parent":11133,"menu_order":0,"comment_status":"closed","ping_status":"closed","template":"","meta":{"footnotes":""},"categories":[],"tags":[],"class_list":["post-11171","page","type-page","status-publish","hentry"],"rttpg_featured_image_url":null,"rttpg_author":{"display_name":"Presse","author_link":"https:\/\/symposium-mboa.com\/?author=2"},"rttpg_comment":0,"rttpg_category":false,"rttpg_excerpt":"[vc_row][vc_column][vc_single_image image=\u00a0\u00bb11472&Prime; img_size=\u00a0\u00bbfull\u00a0\u00bb][\/vc_column][\/vc_row][vc_row][vc_column width=\u00a0\u00bb1\/2&Prime;][vc_column_text] THE DEAL \u2013 BUSINESS L\u2019espace des id\u00e9es, des opportunit\u00e9s et des connexions durables The DEAL \u2013 [&hellip;]","_links":{"self":[{"href":"https:\/\/symposium-mboa.com\/index.php?rest_route=\/wp\/v2\/pages\/11171","targetHints":{"allow":["GET"]}}],"collection":[{"href":"https:\/\/symposium-mboa.com\/index.php?rest_route=\/wp\/v2\/pages"}],"about":[{"href":"https:\/\/symposium-mboa.com\/index.php?rest_route=\/wp\/v2\/types\/page"}],"author":[{"embeddable":true,"href":"https:\/\/symposium-mboa.com\/index.php?rest_route=\/wp\/v2\/users\/2"}],"replies":[{"embeddable":true,"href":"https:\/\/symposium-mboa.com\/index.php?rest_route=%2Fwp%2Fv2%2Fcomments&post=11171"}],"version-history":[{"count":17,"href":"https:\/\/symposium-mboa.com\/index.php?rest_route=\/wp\/v2\/pages\/11171\/revisions"}],"predecessor-version":[{"id":12047,"href":"https:\/\/symposium-mboa.com\/index.php?rest_route=\/wp\/v2\/pages\/11171\/revisions\/12047"}],"up":[{"embeddable":true,"href":"https:\/\/symposium-mboa.com\/index.php?rest_route=\/wp\/v2\/pages\/11133"}],"wp:attachment":[{"href":"https:\/\/symposium-mboa.com\/index.php?rest_route=%2Fwp%2Fv2%2Fmedia&parent=11171"}],"wp:term":[{"taxonomy":"category","embeddable":true,"href":"https:\/\/symposium-mboa.com\/index.php?rest_route=%2Fwp%2Fv2%2Fcategories&post=11171"},{"taxonomy":"post_tag","embeddable":true,"href":"https:\/\/symposium-mboa.com\/index.php?rest_route=%2Fwp%2Fv2%2Ftags&post=11171"}],"curies":[{"name":"wp","href":"https:\/\/api.w.org\/{rel}","templated":true}]}}