{"id":11159,"date":"2025-12-17T02:47:22","date_gmt":"2025-12-17T02:47:22","guid":{"rendered":"https:\/\/symposium-mboa.com\/?page_id=11159"},"modified":"2026-01-02T08:30:59","modified_gmt":"2026-01-02T08:30:59","slug":"chiffres-cles","status":"publish","type":"page","link":"https:\/\/symposium-mboa.com\/?page_id=11159","title":{"rendered":"Chiffres Cl\u00e9s"},"content":{"rendered":"<div class=\"wp-block-cover has-custom-content-position is-position-center-left\"><img loading=\"lazy\" decoding=\"async\" width=\"1024\" height=\"683\" class=\"wp-block-cover__image-background wp-image-11780 size-large\" alt=\"\" src=\"https:\/\/symposium-mboa.com\/wp-content\/uploads\/2026\/01\/ChatGPT-Image-2.-Jan.-2026-04_34_14-1024x683.png\" data-object-fit=\"cover\" srcset=\"https:\/\/symposium-mboa.com\/wp-content\/uploads\/2026\/01\/ChatGPT-Image-2.-Jan.-2026-04_34_14-1024x683.png 1024w, https:\/\/symposium-mboa.com\/wp-content\/uploads\/2026\/01\/ChatGPT-Image-2.-Jan.-2026-04_34_14-250x167.png 250w, https:\/\/symposium-mboa.com\/wp-content\/uploads\/2026\/01\/ChatGPT-Image-2.-Jan.-2026-04_34_14-768x512.png 768w, https:\/\/symposium-mboa.com\/wp-content\/uploads\/2026\/01\/ChatGPT-Image-2.-Jan.-2026-04_34_14.png 1536w\" sizes=\"auto, (max-width: 1024px) 100vw, 1024px\" \/><span aria-hidden=\"true\" class=\"wp-block-cover__background has-background-dim\" style=\"background-color:#89786c\"><\/span><div class=\"wp-block-cover__inner-container is-layout-constrained wp-block-cover-is-layout-constrained\"><p class=\"has-large-font-size\"><strong><em>D&rsquo;ici, nous impactons le monde!<\/em><\/strong><\/p><\/div><\/div><div style=\"height:60px\" aria-hidden=\"true\" class=\"wp-block-spacer\"><\/div><div class=\"wp-block-columns is-layout-flex wp-container-core-columns-is-layout-9d6595d7 wp-block-columns-is-layout-flex\"><div class=\"wp-block-column is-layout-flow wp-block-column-is-layout-flow\"><p>Le Festival Symposium-Mboa, d\u00e9puis sa premi\u00e8re \u00e9dition en 2021  est dans une dynamique de croissance continue qui se constate tant par la croissance des visiteurs et des participants que par la palette des activit\u00e9s propos\u00e9es assez fournie. De l&rsquo;OLympia Park de Berlin \u00e0 Poststadion en passant par Neuk\u00f6lln, le Symposium-Mboa maintient sa dynamique.<\/p>\n\n<p><\/p>\n\n<p><\/p><\/div>\n\n<div class=\"wp-block-column is-layout-flow wp-block-column-is-layout-flow\"><p><strong>\ud83d\udcca En quelques chiffres<\/strong><\/p>\n\n<ul class=\"wp-block-list\"><li><strong>5 \u00e9ditions cons\u00e9cutives<\/strong> \u00e0 Berlin (2021\u20132025)<\/li>\n\n<li><strong>Jusqu\u2019\u00e0 3 000 visiteurs<\/strong> par \u00e9dition depuis 2024<\/li>\n\n<li><strong>25 \u00e9quipes de football<\/strong> lors des derni\u00e8res \u00e9ditions<\/li>\n\n<li><strong>Basketball int\u00e9gr\u00e9<\/strong> depuis 2022<\/li>\n\n<li><strong>Format sur 3 jours<\/strong> stabilis\u00e9<\/li>\n\n<li><strong>Sport \u2022 Culture \u2022 Business<\/strong> r\u00e9unis sur une m\u00eame plateforme<\/li><\/ul><\/div>\n\n<div class=\"wp-block-column is-layout-flow wp-block-column-is-layout-flow\"><h5 class=\"wp-block-heading\">Les chiffres vis\u00e9s<\/h5>\n\n<ul class=\"wp-block-list\"><li>Nombre de visiteurs: 5000 personnes par \u00e9dition<\/li>\n\n<li>10 activit\u00e9s sportives en une \u00e9dition<\/li>\n\n<li>Int\u00e9gration des autres communaut\u00e9s <\/li>\n\n<li>Accroitre le nombre de participants<\/li>\n\n<li>S&rsquo;imposer d\u00e9finitivement comme la plateforme d&rsquo;int\u00e9gration de Business, de culture et de sport par excellence en Allemagne.<\/li><\/ul><\/div><\/div><p><\/p>","protected":false},"excerpt":{"rendered":"<p>Le Festival Symposium-Mboa, d\u00e9puis sa premi\u00e8re \u00e9dition en 2021 est dans une dynamique de croissance continue qui se constate tant [&hellip;]<\/p>\n","protected":false},"author":2,"featured_media":0,"parent":11129,"menu_order":0,"comment_status":"closed","ping_status":"closed","template":"","meta":{"footnotes":""},"categories":[],"tags":[],"class_list":["post-11159","page","type-page","status-publish","hentry"],"rttpg_featured_image_url":null,"rttpg_author":{"display_name":"Presse","author_link":"https:\/\/symposium-mboa.com\/?author=2"},"rttpg_comment":0,"rttpg_category":false,"rttpg_excerpt":"Le Festival Symposium-Mboa, d\u00e9puis sa premi\u00e8re \u00e9dition en 2021 est dans une dynamique de croissance continue qui se constate tant [&hellip;]","_links":{"self":[{"href":"https:\/\/symposium-mboa.com\/index.php?rest_route=\/wp\/v2\/pages\/11159","targetHints":{"allow":["GET"]}}],"collection":[{"href":"https:\/\/symposium-mboa.com\/index.php?rest_route=\/wp\/v2\/pages"}],"about":[{"href":"https:\/\/symposium-mboa.com\/index.php?rest_route=\/wp\/v2\/types\/page"}],"author":[{"embeddable":true,"href":"https:\/\/symposium-mboa.com\/index.php?rest_route=\/wp\/v2\/users\/2"}],"replies":[{"embeddable":true,"href":"https:\/\/symposium-mboa.com\/index.php?rest_route=%2Fwp%2Fv2%2Fcomments&post=11159"}],"version-history":[{"count":41,"href":"https:\/\/symposium-mboa.com\/index.php?rest_route=\/wp\/v2\/pages\/11159\/revisions"}],"predecessor-version":[{"id":11826,"href":"https:\/\/symposium-mboa.com\/index.php?rest_route=\/wp\/v2\/pages\/11159\/revisions\/11826"}],"up":[{"embeddable":true,"href":"https:\/\/symposium-mboa.com\/index.php?rest_route=\/wp\/v2\/pages\/11129"}],"wp:attachment":[{"href":"https:\/\/symposium-mboa.com\/index.php?rest_route=%2Fwp%2Fv2%2Fmedia&parent=11159"}],"wp:term":[{"taxonomy":"category","embeddable":true,"href":"https:\/\/symposium-mboa.com\/index.php?rest_route=%2Fwp%2Fv2%2Fcategories&post=11159"},{"taxonomy":"post_tag","embeddable":true,"href":"https:\/\/symposium-mboa.com\/index.php?rest_route=%2Fwp%2Fv2%2Ftags&post=11159"}],"curies":[{"name":"wp","href":"https:\/\/api.w.org\/{rel}","templated":true}]}}