{"id":11153,"date":"2025-12-17T02:43:39","date_gmt":"2025-12-17T02:43:39","guid":{"rendered":"https:\/\/symposium-mboa.com\/?page_id=11153"},"modified":"2026-01-08T01:41:44","modified_gmt":"2026-01-08T01:41:44","slug":"vision-et-objectifs","status":"publish","type":"page","link":"https:\/\/symposium-mboa.com\/?page_id=11153","title":{"rendered":"Vision et Objectifs"},"content":{"rendered":"<section class=\"wpb-content-wrapper\"><p>[vc_row][vc_column][vc_column_text]<\/p>\r\n<div class=\"wp-block-cover\">\r\n<p><img loading=\"lazy\" decoding=\"async\" width=\"1024\" height=\"683\" class=\"wp-block-cover__image-background wp-image-11768 size-large\" src=\"https:\/\/symposium-mboa.com\/wp-content\/uploads\/2026\/01\/ChatGPT-Image-31.-Dez.-2025-03_48_23-1024x683.png\" alt=\"\" data-object-fit=\"cover\" srcset=\"https:\/\/symposium-mboa.com\/wp-content\/uploads\/2026\/01\/ChatGPT-Image-31.-Dez.-2025-03_48_23-1024x683.png 1024w, https:\/\/symposium-mboa.com\/wp-content\/uploads\/2026\/01\/ChatGPT-Image-31.-Dez.-2025-03_48_23-250x167.png 250w, https:\/\/symposium-mboa.com\/wp-content\/uploads\/2026\/01\/ChatGPT-Image-31.-Dez.-2025-03_48_23-768x512.png 768w, https:\/\/symposium-mboa.com\/wp-content\/uploads\/2026\/01\/ChatGPT-Image-31.-Dez.-2025-03_48_23.png 1536w\" sizes=\"auto, (max-width: 1024px) 100vw, 1024px\" \/><\/p>\r\n<div class=\"wp-block-cover__inner-container is-layout-constrained wp-block-cover-is-layout-constrained\"><p class=\"has-large-font-size\"><strong><em>D&rsquo;ici, nous impactons le monde<\/em><\/strong><\/p>\r\n<p><\/p>\r\n<\/div>\r\n<\/div>\r\n<p>[\/vc_column_text][\/vc_column][\/vc_row][vc_row][vc_column][vc_empty_space height=\u00a0\u00bb20px\u00a0\u00bb][vc_column_text css=\u00a0\u00bb.vc_custom_1767836500116{border-top-width: 5px !important;border-right-width: 5px !important;border-bottom-width: 5px !important;border-left-width: 5px !important;padding-top: 10px !important;padding-right: 10px !important;padding-bottom: 10px !important;padding-left: 10px !important;border-left-color: #091075 !important;border-left-style: solid !important;border-right-color: #091075 !important;border-right-style: solid !important;border-top-color: #091075 !important;border-top-style: solid !important;border-bottom-color: #091075 !important;border-bottom-style: solid !important;border-radius: 10px !important;}\u00a0\u00bb]<\/p>\r\n<h2 data-start=\"1218\" data-end=\"1251\">\ud83c\udfaf Objectifs du Symposium-Mboa<\/h2>\r\n<h3 data-start=\"1253\" data-end=\"1276\">\ud83d\udd39 Objectif g\u00e9n\u00e9ral<\/h3>\r\n<p data-start=\"1277\" data-end=\"1511\">Cr\u00e9er un cadre structur\u00e9 et cr\u00e9dible permettant de <strong data-start=\"1328\" data-end=\"1411\">mettre en lumi\u00e8re les contributions positives des Africains et Afro-descendants<\/strong>, tout en favorisant le dialogue interculturel et le d\u00e9veloppement d\u2019initiatives porteuses d\u2019impact.<\/p>\r\n<h3 data-start=\"1518\" data-end=\"1546\">\ud83d\udd39 Objectifs sp\u00e9cifiques<\/h3>\r\n<p data-start=\"1548\" data-end=\"1609\">Le Symposium-Mboa poursuit notamment les objectifs suivants :<\/p>\r\n<ul>\r\n<li data-start=\"1613\" data-end=\"1755\"><strong data-start=\"1613\" data-end=\"1671\">Valoriser les talents et initiatives afro-descendantes<\/strong> dans les domaines du sport, de la culture, du business et de l\u2019engagement citoyen ;<\/li>\r\n<li data-start=\"1758\" data-end=\"1880\"><strong data-start=\"1758\" data-end=\"1796\">Promouvoir les cultures africaines<\/strong> comme vecteurs de rapprochement, de compr\u00e9hension mutuelle et de coh\u00e9sion sociale ;<\/li>\r\n<li data-start=\"1883\" data-end=\"2005\"><strong data-start=\"1883\" data-end=\"1947\">Encourager l\u2019entrepreneuriat et les partenariats \u00e9conomiques<\/strong>, dans une logique de coop\u00e9ration responsable et durable ;<\/li>\r\n<li data-start=\"2008\" data-end=\"2126\"><strong data-start=\"2008\" data-end=\"2057\">Cr\u00e9er des espaces de rencontres et d\u2019\u00e9changes<\/strong>, favorisant le partage d\u2019exp\u00e9riences, de savoirs et d\u2019opportunit\u00e9s ;<\/li>\r\n<li data-start=\"2129\" data-end=\"2264\"><strong data-start=\"2129\" data-end=\"2200\">Contribuer \u00e0 la lutte contre les st\u00e9r\u00e9otypes et les discriminations<\/strong>, en proposant des narratifs positifs, factuels et constructifs.<\/li>\r\n<\/ul>\r\n<h2 data-start=\"2271\" data-end=\"2309\">\ud83d\udd17 Une vision tourn\u00e9e vers l\u2019action<\/h2>\r\n<p data-start=\"2311\" data-end=\"2538\">Le Symposium-Mboa ne se limite pas \u00e0 un cadre discursif.<br data-start=\"2367\" data-end=\"2370\" \/>Il s\u2019inscrit dans une logique <strong data-start=\"2400\" data-end=\"2423\">d\u2019actions concr\u00e8tes<\/strong>, port\u00e9es par des \u00e9v\u00e9nements, des rencontres et des initiatives qui traduisent cette vision en r\u00e9sultats tangibles.<\/p>\r\n<p>[\/vc_column_text][vc_empty_space][\/vc_column][\/vc_row]<\/p><\/section>","protected":false},"excerpt":{"rendered":"<p>[vc_row][vc_column][vc_column_text][\/vc_column_text][\/vc_column][\/vc_row][vc_row][vc_column][vc_empty_space height=\u00a0\u00bb20px\u00a0\u00bb][vc_column_text css=\u00a0\u00bb.vc_custom_1767836500116{border-top-width: 5px !important;border-right-width: 5px !important;border-bottom-width: 5px !important;border-left-width: 5px !important;padding-top: 10px !important;padding-right: 10px !important;padding-bottom: 10px !important;padding-left: 10px !important;border-left-color: #091075 [&hellip;]<\/p>\n","protected":false},"author":2,"featured_media":0,"parent":11129,"menu_order":0,"comment_status":"closed","ping_status":"closed","template":"","meta":{"footnotes":""},"categories":[],"tags":[],"class_list":["post-11153","page","type-page","status-publish","hentry"],"rttpg_featured_image_url":null,"rttpg_author":{"display_name":"Presse","author_link":"https:\/\/symposium-mboa.com\/?author=2"},"rttpg_comment":0,"rttpg_category":false,"rttpg_excerpt":"[vc_row][vc_column][vc_column_text][\/vc_column_text][\/vc_column][\/vc_row][vc_row][vc_column][vc_empty_space height=\u00a0\u00bb20px\u00a0\u00bb][vc_column_text css=\u00a0\u00bb.vc_custom_1767836500116{border-top-width: 5px !important;border-right-width: 5px !important;border-bottom-width: 5px !important;border-left-width: 5px !important;padding-top: 10px !important;padding-right: 10px !important;padding-bottom: 10px !important;padding-left: 10px !important;border-left-color: #091075 [&hellip;]","_links":{"self":[{"href":"https:\/\/symposium-mboa.com\/index.php?rest_route=\/wp\/v2\/pages\/11153","targetHints":{"allow":["GET"]}}],"collection":[{"href":"https:\/\/symposium-mboa.com\/index.php?rest_route=\/wp\/v2\/pages"}],"about":[{"href":"https:\/\/symposium-mboa.com\/index.php?rest_route=\/wp\/v2\/types\/page"}],"author":[{"embeddable":true,"href":"https:\/\/symposium-mboa.com\/index.php?rest_route=\/wp\/v2\/users\/2"}],"replies":[{"embeddable":true,"href":"https:\/\/symposium-mboa.com\/index.php?rest_route=%2Fwp%2Fv2%2Fcomments&post=11153"}],"version-history":[{"count":11,"href":"https:\/\/symposium-mboa.com\/index.php?rest_route=\/wp\/v2\/pages\/11153\/revisions"}],"predecessor-version":[{"id":12018,"href":"https:\/\/symposium-mboa.com\/index.php?rest_route=\/wp\/v2\/pages\/11153\/revisions\/12018"}],"up":[{"embeddable":true,"href":"https:\/\/symposium-mboa.com\/index.php?rest_route=\/wp\/v2\/pages\/11129"}],"wp:attachment":[{"href":"https:\/\/symposium-mboa.com\/index.php?rest_route=%2Fwp%2Fv2%2Fmedia&parent=11153"}],"wp:term":[{"taxonomy":"category","embeddable":true,"href":"https:\/\/symposium-mboa.com\/index.php?rest_route=%2Fwp%2Fv2%2Fcategories&post=11153"},{"taxonomy":"post_tag","embeddable":true,"href":"https:\/\/symposium-mboa.com\/index.php?rest_route=%2Fwp%2Fv2%2Ftags&post=11153"}],"curies":[{"name":"wp","href":"https:\/\/api.w.org\/{rel}","templated":true}]}}