{"id":11141,"date":"2025-12-17T02:38:37","date_gmt":"2025-12-17T02:38:37","guid":{"rendered":"https:\/\/symposium-mboa.com\/?page_id=11141"},"modified":"2026-01-06T15:18:25","modified_gmt":"2026-01-06T15:18:25","slug":"infos-pratiques","status":"publish","type":"page","link":"https:\/\/symposium-mboa.com\/?page_id=11141","title":{"rendered":"Infos Pratiques"},"content":{"rendered":"<section class=\"wpb-content-wrapper\"><p>[vc_row row_content_width=\u00a0\u00bbgrid\u00a0\u00bb css=\u00a0\u00bb.vc_custom_1767712434597{border-top-width: 5px !important;border-right-width: 5px !important;border-bottom-width: 5px !important;border-left-width: 5px !important;border-left-color: #091075 !important;border-left-style: solid !important;border-right-color: #091075 !important;border-right-style: solid !important;border-top-color: #091075 !important;border-top-style: solid !important;border-bottom-color: #091075 !important;border-bottom-style: solid !important;border-radius: 20px !important;}\u00a0\u00bb][vc_column][vc_column_text]<\/p>\n<p data-start=\"3135\" data-end=\"3382\">Retrouvez ici toutes les informations essentielles pour pr\u00e9parer votre venue au <strong data-start=\"3215\" data-end=\"3233\">Symposium-Mboa<\/strong> : dates, lieux, acc\u00e8s, horaires et contacts utiles.<br data-start=\"3285\" data-end=\"3288\" \/>Tout est mis en \u0153uvre pour vous permettre de vivre l\u2019\u00e9v\u00e9nement dans les meilleures conditions.<\/p>\n<p>[\/vc_column_text][\/vc_column][\/vc_row][vc_row gap=\u00a0\u00bb20&Prime; disable_element=\u00a0\u00bbyes\u00a0\u00bb css=\u00a0\u00bb.vc_custom_1767712670377{background-position: center !important;background-repeat: no-repeat !important;background-size: cover !important;}\u00a0\u00bb][vc_column width=\u00a0\u00bb1\/3&Prime;][vc_column_text css=\u00a0\u00bb.vc_custom_1767705462449{border-top-width: 5px !important;border-right-width: 5px !important;border-bottom-width: 5px !important;border-left-width: 5px !important;padding-top: 10px !important;padding-right: 10px !important;padding-left: 10px !important;background-position: 0 0 !important;background-repeat: no-repeat !important;border-left-color: #091075 !important;border-left-style: solid !important;border-right-color: #091075 !important;border-right-style: solid !important;border-top-color: #091075 !important;border-top-style: solid !important;border-bottom-color: #091075 !important;border-bottom-style: solid !important;border-radius: 20px !important;}\u00a0\u00bb]<\/p>\n<h4 data-start=\"3389\" data-end=\"3412\">\ud83d\udcc5 Dates &amp; Horaires<\/h4>\n<p data-start=\"3414\" data-end=\"3548\">Le Symposium-Mboa se d\u00e9roule sur plusieurs journ\u00e9es d\u00e9di\u00e9es aux activit\u00e9s culturelles, sportives, gastronomiques et entrepreneuriales.<\/p>\n<p data-start=\"3552\" data-end=\"3619\"><strong data-start=\"3552\" data-end=\"3567\">22 mai 2026<\/strong> : 16h00 \u2013 20h00<br data-start=\"3583\" data-end=\"3586\" \/>\ud83d\udccd Lehrterstr. 59, 10557 Berlin.<\/p>\n<p data-start=\"3623\" data-end=\"3695\"><strong data-start=\"3623\" data-end=\"3643\">23 &amp; 24 mai 2026<\/strong> : 10h00 \u2013 19h00<br data-start=\"3659\" data-end=\"3662\" \/>\ud83d\udccd Lehrterstr. 59, 10557 Berlin.<\/p>\n<p data-start=\"3623\" data-end=\"3695\"><strong data-start=\"3699\" data-end=\"3723\">24 mai 2026 (soir\u00e9e)<\/strong> : 20h00 \u2013 05h00<br data-start=\"3739\" data-end=\"3742\" \/>\ud83d\udccd Lieu communiqu\u00e9 ult\u00e9rieurement.<\/p>\n<p>[\/vc_column_text][vc_empty_space][vc_column_text css=\u00a0\u00bb.vc_custom_1767700920963{border-top-width: 5px !important;border-right-width: 5px !important;border-bottom-width: 5px !important;border-left-width: 5px !important;padding-top: 10px !important;padding-right: 10px !important;padding-left: 10px !important;border-left-color: #091075 !important;border-left-style: solid !important;border-right-color: #091075 !important;border-right-style: solid !important;border-top-color: #091075 !important;border-top-style: solid !important;border-bottom-color: #091075 !important;border-bottom-style: solid !important;border-radius: 20px !important;}\u00a0\u00bb]<\/p>\n<h3 data-start=\"4534\" data-end=\"4570\">\ud83c\udf9f\ufe0f Billetterie &amp; Accr\u00e9ditations<\/h3>\n<p data-start=\"4572\" data-end=\"4749\">L\u2019acc\u00e8s au Symposium-Mboa se fait sur pr\u00e9sentation d\u2019un billet ou d\u2019une accr\u00e9ditation valide.<br data-start=\"4665\" data-end=\"4668\" \/>Les inscriptions et r\u00e9servations s\u2019effectuent exclusivement via le site officiel.<\/p>\n<p data-start=\"4751\" data-end=\"4791\">\ud83d\udc49 <strong data-start=\"4754\" data-end=\"4791\">Bouton : Acc\u00e9der \u00e0 la billetterie<\/strong><\/p>\n<p>[\/vc_column_text][\/vc_column][vc_column width=\u00a0\u00bb1\/3&Prime;][vc_column_text css=\u00a0\u00bb.vc_custom_1767067988689{border-top-width: 5px !important;border-right-width: 5px !important;border-bottom-width: 5px !important;border-left-width: 5px !important;padding-top: px !important;padding-right: 10px !important;padding-bottom: 10px !important;padding-left: 10px !important;border-left-color: #091075 !important;border-left-style: solid !important;border-right-color: #091075 !important;border-right-style: solid !important;border-top-color: #091075 !important;border-top-style: solid !important;border-bottom-color: #091075 !important;border-bottom-style: solid !important;border-radius: 20px !important;}\u00a0\u00bb]<\/p>\n<h3 data-start=\"3784\" data-end=\"3795\">\ud83d\udccd Lieu<\/h3>\n<p data-start=\"3797\" data-end=\"4010\">Les activit\u00e9s de journ\u00e9e du Symposium-Mboa se d\u00e9roulent \u00e0 Berlin, dans un espace accessible et adapt\u00e9 \u00e0 l\u2019accueil du public, des exposants et des participants:<\/p>\n<p data-start=\"3797\" data-end=\"4010\"><em><strong>\ud83d\udccdLehrterstr. 59, 10557 Berlin<\/strong><\/em>.<\/p>\n<p data-start=\"3797\" data-end=\"4010\"><strong>Le lieu de la soir\u00e9e sera communiqu\u00e9 prochainement.<\/strong><\/p>\n<p data-start=\"4012\" data-end=\"4156\">Vous pouvez laisser votre adresse email ou votre contact WhatsApp afin d\u2019\u00eatre inform\u00e9 en temps r\u00e9el d\u00e8s que ces informations seront disponibles.<\/p>\n<p>[\/vc_column_text][vc_empty_space height=\u00a0\u00bb52px\u00a0\u00bb][vc_column_text css=\u00a0\u00bb.vc_custom_1767700978825{border-top-width: 5px !important;border-right-width: 5px !important;border-bottom-width: 5px !important;border-left-width: 5px !important;padding-top: 10px !important;padding-right: 10px !important;padding-left: 10px !important;border-left-color: #091075 !important;border-left-style: solid !important;border-right-color: #091075 !important;border-right-style: solid !important;border-top-color: #091075 !important;border-top-style: solid !important;border-bottom-color: #091075 !important;border-bottom-style: solid !important;border-radius: 20px !important;}\u00a0\u00bb]<\/p>\n<h3 data-start=\"4798\" data-end=\"4816\">\ud83c\udfe8 H\u00e9bergement<\/h3>\n<p data-start=\"4818\" data-end=\"4994\">Plusieurs solutions d\u2019h\u00e9bergement sont disponibles \u00e0 proximit\u00e9 du lieu de l\u2019\u00e9v\u00e9nement.<br data-start=\"4904\" data-end=\"4907\" \/>Des recommandations pourront \u00eatre communiqu\u00e9es afin de faciliter votre s\u00e9jour \u00e0 Berlin.<\/p>\n<p data-start=\"4996\" data-end=\"5050\">Pour toute assistance, n\u2019h\u00e9sitez pas \u00e0 nous contacter.<\/p>\n<p>[\/vc_column_text][\/vc_column][vc_column width=\u00a0\u00bb1\/3&Prime;][vc_column_text css=\u00a0\u00bb.vc_custom_1767068518388{border-top-width: 5px !important;border-right-width: 5px !important;border-bottom-width: 5px !important;border-left-width: 5px !important;padding-top: 10px !important;padding-right: 10px !important;padding-left: 10px !important;border-left-color: #091075 !important;border-left-style: solid !important;border-right-color: #091075 !important;border-right-style: solid !important;border-top-color: #091075 !important;border-top-style: solid !important;border-bottom-color: #091075 !important;border-bottom-style: solid !important;border-radius: 20px !important;}\u00a0\u00bb]<\/p>\n<h3 data-start=\"4193\" data-end=\"4217\">\ud83d\ude86 Acc\u00e8s &amp; Transport<\/h3>\n<p data-start=\"4219\" data-end=\"4463\">Situ\u00e9 \u00e0 moins d\u2019un kilom\u00e8tre de la gare centrale de Berlin, le lieu des activit\u00e9s de journ\u00e9e est facilement accessible par les transports en commun et les principaux axes de circulation.<br data-start=\"4405\" data-end=\"4408\" \/>L\u2019adresse de la soir\u00e9e sera communiqu\u00e9e ult\u00e9rieurement.<\/p>\n<p data-start=\"4465\" data-end=\"4527\">L\u2019utilisation des transports publics est vivement recommand\u00e9e.<\/p>\n<p>[\/vc_column_text][vc_empty_space height=\u00a0\u00bb75px\u00a0\u00bb][vc_column_text css=\u00a0\u00bb.vc_custom_1767701400827{border-top-width: 5px !important;border-right-width: 5px !important;border-bottom-width: 5px !important;border-left-width: 5px !important;padding-top: 10px !important;padding-right: 10px !important;padding-left: 10px !important;border-left-color: #091075 !important;border-left-style: solid !important;border-right-color: #091075 !important;border-right-style: solid !important;border-top-color: #091075 !important;border-top-style: solid !important;border-bottom-color: #091075 !important;border-bottom-style: solid !important;border-radius: 20px !important;}\u00a0\u00bb]<\/p>\n<h3 data-start=\"5057\" data-end=\"5084\">\ud83d\udcde Contact &amp; Assistance<\/h3>\n<p data-start=\"5086\" data-end=\"5236\">Pour toute question ou information compl\u00e9mentaire, notre \u00e9quipe est \u00e0 votre disposition.<br data-start=\"5174\" data-end=\"5177\" \/>\ud83d\udce7 <a class=\"decorated-link cursor-pointer\" rel=\"noopener\" data-start=\"5180\" data-end=\"5203\">info@symposium-mboa.com<\/a><br data-start=\"5203\" data-end=\"5206\" \/>\ud83d\udc49 <strong data-start=\"5209\" data-end=\"5236\">Bouton : Nous contacter<\/strong><\/p>\n<p>[\/vc_column_text][\/vc_column][\/vc_row][vc_section][\/vc_section][vc_row][vc_column][vc_empty_space][\/vc_column][\/vc_row][vc_row][vc_column]<div class=\"mkdf-elements-holder   mkdf-three-columns  mkdf-responsive-mode-768 \" ><div class=\"mkdf-eh-item  mkdf-vertical-alignment-top  \"  data-item-class=\"mkdf-eh-custom-2454\">\n\t<div class=\"mkdf-eh-item-inner\">\n\t\t<div class=\"mkdf-eh-item-content mkdf-eh-custom-2454\" >\n\t\t\t[vc_column_text css=\u00a0\u00bb.vc_custom_1767702116574{padding-top: 20px !important;padding-right: 20px !important;padding-bottom: 20px !important;padding-left: 20px !important;}\u00a0\u00bb]<\/p>\n<h4 data-start=\"3389\" data-end=\"3412\">\ud83d\udcc5 Dates &amp; Horaires<\/h4>\n<p data-start=\"3414\" data-end=\"3548\">Le Symposium-Mboa se d\u00e9roule sur plusieurs journ\u00e9es d\u00e9di\u00e9es aux activit\u00e9s culturelles, sportives, gastronomiques et entrepreneuriales.<\/p>\n<p data-start=\"3552\" data-end=\"3619\"><strong data-start=\"3552\" data-end=\"3567\">22 mai 2026<\/strong> : 16h00 \u2013 20h00<br data-start=\"3583\" data-end=\"3586\" \/>\ud83d\udccd Lehrterstr. 59, 10557 Berlin.<\/p>\n<p data-start=\"3623\" data-end=\"3695\"><strong data-start=\"3623\" data-end=\"3643\">23 &amp; 24 mai 2026<\/strong> : 10h00 \u2013 19h00<br data-start=\"3659\" data-end=\"3662\" \/>\ud83d\udccd Lehrterstr. 59, 10557 Berlin.<\/p>\n<p data-start=\"3623\" data-end=\"3695\"><strong data-start=\"3699\" data-end=\"3723\">24 mai 2026 (soir\u00e9e)<\/strong> : 20h00 \u2013 05h00<br data-start=\"3739\" data-end=\"3742\" \/>\ud83d\udccd Lieu communiqu\u00e9 ult\u00e9rieurement.<\/p>\n<p>[\/vc_column_text][vc_empty_space height=\u00a0\u00bb15px\u00a0\u00bb]\t\t<\/div>\n\t<\/div>\n<\/div><div class=\"mkdf-eh-item  mkdf-vertical-alignment-top  \"  data-item-class=\"mkdf-eh-custom-2602\">\n\t<div class=\"mkdf-eh-item-inner\">\n\t\t<div class=\"mkdf-eh-item-content mkdf-eh-custom-2602\" >\n\t\t\t[vc_column_text css=\u00a0\u00bb.vc_custom_1767702139975{border-top-width: 0px !important;border-right-width: 5px !important;border-left-width: 5px !important;padding-top: 20px !important;padding-right: 20px !important;padding-bottom: 20px !important;padding-left: 20px !important;border-left-color: #091075 !important;border-left-style: solid !important;border-right-color: #091075 !important;border-right-style: solid !important;border-top-color: #091075 !important;border-top-style: solid !important;}\u00a0\u00bb]<\/p>\n<h3 data-start=\"3784\" data-end=\"3795\">\ud83d\udccd Lieu<\/h3>\n<p data-start=\"3797\" data-end=\"4010\">Les activit\u00e9s de journ\u00e9e du Symposium-Mboa se d\u00e9roulent \u00e0 Berlin, dans un espace accessible et adapt\u00e9 \u00e0 l\u2019accueil du public, des exposants et des participants:<\/p>\n<p data-start=\"3797\" data-end=\"4010\"><em><strong>\ud83d\udccdLehrterstr. 59, 10557 Berlin<\/strong><\/em>.<\/p>\n<p data-start=\"3797\" data-end=\"4010\"><strong>Le lieu de la soir\u00e9e sera communiqu\u00e9 prochainement.<\/strong><\/p>\n<p data-start=\"4012\" data-end=\"4156\">Vous pouvez laisser votre adresse email ou votre contact WhatsApp afin d\u2019\u00eatre inform\u00e9 en temps r\u00e9el d\u00e8s que ces informations seront disponibles.<\/p>\n<p>[\/vc_column_text][vc_empty_space height=\u00a0\u00bb15px\u00a0\u00bb]\t\t<\/div>\n\t<\/div>\n<\/div><div class=\"mkdf-eh-item  mkdf-vertical-alignment-top  \"  data-item-class=\"mkdf-eh-custom-7220\">\n\t<div class=\"mkdf-eh-item-inner\">\n\t\t<div class=\"mkdf-eh-item-content mkdf-eh-custom-7220\" >\n\t\t\t[vc_column_text css=\u00a0\u00bb.vc_custom_1767702169523{border-top-width: 0px !important;border-right-width: 0px !important;padding-top: 20px !important;padding-right: 20px !important;padding-bottom: 20px !important;padding-left: 20px !important;border-right-color: #091075 !important;border-right-style: solid !important;border-top-color: #091075 !important;border-top-style: solid !important;}\u00a0\u00bb]<\/p>\n<h3 data-start=\"4193\" data-end=\"4217\">\ud83d\ude86 Acc\u00e8s &amp; Transport<\/h3>\n<p data-start=\"4219\" data-end=\"4463\">Situ\u00e9 \u00e0 moins d\u2019un kilom\u00e8tre de la gare centrale de Berlin, le lieu des activit\u00e9s de journ\u00e9e est facilement accessible par les transports en commun et les principaux axes de circulation.<br data-start=\"4405\" data-end=\"4408\" \/>L\u2019adresse de la soir\u00e9e sera communiqu\u00e9e ult\u00e9rieurement.<\/p>\n<p data-start=\"4465\" data-end=\"4527\">L\u2019utilisation des transports publics est vivement recommand\u00e9e.<\/p>\n<p>[\/vc_column_text]\t\t<\/div>\n\t<\/div>\n<\/div><\/div><div class=\"mkdf-elements-holder   mkdf-three-columns  mkdf-responsive-mode-768 \" ><div class=\"mkdf-eh-item  mkdf-vertical-alignment-top  \"  data-item-class=\"mkdf-eh-custom-3511\">\n\t<div class=\"mkdf-eh-item-inner\">\n\t\t<div class=\"mkdf-eh-item-content mkdf-eh-custom-3511\" >\n\t\t\t[vc_column_text css=\u00a0\u00bb.vc_custom_1767702181541{border-top-width: 0px !important;border-right-width: 0px !important;border-bottom-width: 0px !important;border-left-width: 0px !important;padding-top: 20px !important;padding-right: 20px !important;padding-bottom: 20px !important;padding-left: 20px !important;}\u00a0\u00bb]<\/p>\n<h3 data-start=\"4534\" data-end=\"4570\">\ud83c\udf9f\ufe0f Billetterie &amp; Accr\u00e9ditations<\/h3>\n<p data-start=\"4572\" data-end=\"4749\">L\u2019acc\u00e8s au Symposium-Mboa se fait sur pr\u00e9sentation d\u2019un billet ou d\u2019une accr\u00e9ditation valide.<br data-start=\"4665\" data-end=\"4668\" \/>Les inscriptions et r\u00e9servations s\u2019effectuent exclusivement via le site officiel.<\/p>\n<p data-start=\"4751\" data-end=\"4791\">\ud83d\udc49 <strong data-start=\"4754\" data-end=\"4791\">Bouton : Acc\u00e9der \u00e0 la billetterie<\/strong><\/p>\n<p>[\/vc_column_text][vc_empty_space height=\u00a0\u00bb15px\u00a0\u00bb]\t\t<\/div>\n\t<\/div>\n<\/div><div class=\"mkdf-eh-item  mkdf-vertical-alignment-top  \"  data-item-class=\"mkdf-eh-custom-5751\">\n\t<div class=\"mkdf-eh-item-inner\">\n\t\t<div class=\"mkdf-eh-item-content mkdf-eh-custom-5751\" >\n\t\t\t[vc_column_text css=\u00a0\u00bb.vc_custom_1767702195796{border-top-width: 0px !important;border-right-width: 5px !important;border-bottom-width: 0px !important;border-left-width: 5px !important;padding-top: 20px !important;padding-right: 20px !important;padding-bottom: 20px !important;padding-left: 20px !important;border-left-color: #091075 !important;border-left-style: solid !important;border-right-color: #091075 !important;border-right-style: solid !important;border-top-color: #091075 !important;border-top-style: solid !important;border-bottom-color: #091075 !important;border-bottom-style: solid !important;}\u00a0\u00bb]<\/p>\n<h3 data-start=\"4798\" data-end=\"4816\">\ud83c\udfe8 H\u00e9bergement<\/h3>\n<p data-start=\"4818\" data-end=\"4994\">Plusieurs solutions d\u2019h\u00e9bergement sont disponibles \u00e0 proximit\u00e9 du lieu de l\u2019\u00e9v\u00e9nement.<br data-start=\"4904\" data-end=\"4907\" \/>Des recommandations pourront \u00eatre communiqu\u00e9es afin de faciliter votre s\u00e9jour \u00e0 Berlin.<\/p>\n<p data-start=\"4996\" data-end=\"5050\">Pour toute assistance, n\u2019h\u00e9sitez pas \u00e0 nous contacter.<\/p>\n<p>[\/vc_column_text][vc_empty_space height=\u00a0\u00bb15px\u00a0\u00bb]\t\t<\/div>\n\t<\/div>\n<\/div><div class=\"mkdf-eh-item  mkdf-vertical-alignment-top  \"  data-item-class=\"mkdf-eh-custom-5142\">\n\t<div class=\"mkdf-eh-item-inner\">\n\t\t<div class=\"mkdf-eh-item-content mkdf-eh-custom-5142\" >\n\t\t\t[vc_column_text css=\u00a0\u00bb.vc_custom_1767702235180{padding-top: 20px !important;padding-right: 20px !important;padding-bottom: 20px !important;padding-left: 20px !important;}\u00a0\u00bb]<\/p>\n<h3 data-start=\"5057\" data-end=\"5084\">\ud83d\udcde Contact &amp; Assistance<\/h3>\n<p data-start=\"5086\" data-end=\"5236\">Pour toute question ou information compl\u00e9mentaire, notre \u00e9quipe est \u00e0 votre disposition.<br data-start=\"5174\" data-end=\"5177\" \/>\ud83d\udce7 <a class=\"decorated-link cursor-pointer\" rel=\"noopener\" data-start=\"5180\" data-end=\"5203\">info@symposium-mboa.com<\/a><br data-start=\"5203\" data-end=\"5206\" \/>\ud83d\udc49 <strong data-start=\"5209\" data-end=\"5236\">Bouton : Nous contacter<\/strong><\/p>\n<p>[\/vc_column_text]\t\t<\/div>\n\t<\/div>\n<\/div><\/div>[\/vc_column][\/vc_row]<\/p>\n<\/section>","protected":false},"excerpt":{"rendered":"<p>[vc_row row_content_width=\u00a0\u00bbgrid\u00a0\u00bb css=\u00a0\u00bb.vc_custom_1767712434597{border-top-width: 5px !important;border-right-width: 5px !important;border-bottom-width: 5px !important;border-left-width: 5px !important;border-left-color: #091075 !important;border-left-style: solid !important;border-right-color: #091075 !important;border-right-style: solid !important;border-top-color: #091075 [&hellip;]<\/p>\n","protected":false},"author":2,"featured_media":0,"parent":0,"menu_order":0,"comment_status":"closed","ping_status":"closed","template":"","meta":{"footnotes":""},"categories":[],"tags":[],"class_list":["post-11141","page","type-page","status-publish","hentry"],"rttpg_featured_image_url":null,"rttpg_author":{"display_name":"Presse","author_link":"https:\/\/symposium-mboa.com\/?author=2"},"rttpg_comment":0,"rttpg_category":false,"rttpg_excerpt":"[vc_row row_content_width=\u00a0\u00bbgrid\u00a0\u00bb css=\u00a0\u00bb.vc_custom_1767712434597{border-top-width: 5px !important;border-right-width: 5px !important;border-bottom-width: 5px !important;border-left-width: 5px !important;border-left-color: #091075 !important;border-left-style: solid !important;border-right-color: #091075 !important;border-right-style: solid !important;border-top-color: #091075 [&hellip;]","_links":{"self":[{"href":"https:\/\/symposium-mboa.com\/index.php?rest_route=\/wp\/v2\/pages\/11141","targetHints":{"allow":["GET"]}}],"collection":[{"href":"https:\/\/symposium-mboa.com\/index.php?rest_route=\/wp\/v2\/pages"}],"about":[{"href":"https:\/\/symposium-mboa.com\/index.php?rest_route=\/wp\/v2\/types\/page"}],"author":[{"embeddable":true,"href":"https:\/\/symposium-mboa.com\/index.php?rest_route=\/wp\/v2\/users\/2"}],"replies":[{"embeddable":true,"href":"https:\/\/symposium-mboa.com\/index.php?rest_route=%2Fwp%2Fv2%2Fcomments&post=11141"}],"version-history":[{"count":101,"href":"https:\/\/symposium-mboa.com\/index.php?rest_route=\/wp\/v2\/pages\/11141\/revisions"}],"predecessor-version":[{"id":12011,"href":"https:\/\/symposium-mboa.com\/index.php?rest_route=\/wp\/v2\/pages\/11141\/revisions\/12011"}],"wp:attachment":[{"href":"https:\/\/symposium-mboa.com\/index.php?rest_route=%2Fwp%2Fv2%2Fmedia&parent=11141"}],"wp:term":[{"taxonomy":"category","embeddable":true,"href":"https:\/\/symposium-mboa.com\/index.php?rest_route=%2Fwp%2Fv2%2Fcategories&post=11141"},{"taxonomy":"post_tag","embeddable":true,"href":"https:\/\/symposium-mboa.com\/index.php?rest_route=%2Fwp%2Fv2%2Ftags&post=11141"}],"curies":[{"name":"wp","href":"https:\/\/api.w.org\/{rel}","templated":true}]}}