{"id":11137,"date":"2025-12-17T02:39:26","date_gmt":"2025-12-17T02:39:26","guid":{"rendered":"https:\/\/symposium-mboa.com\/?page_id=11137"},"modified":"2026-01-06T11:15:59","modified_gmt":"2026-01-06T11:15:59","slug":"partenaires","status":"publish","type":"page","link":"https:\/\/symposium-mboa.com\/?page_id=11137","title":{"rendered":"Partenaires"},"content":{"rendered":"<section class=\"wpb-content-wrapper\"><p>[vc_row gap=\u00a0\u00bb30&Prime;][vc_column width=\u00a0\u00bb1\/2&Prime; css=\u00a0\u00bb.vc_custom_1767595182170{border-top-width: 0px !important;border-right-width: 0px !important;border-bottom-width: 0px !important;border-left-width: 0px !important;padding-top: 0px !important;padding-right: 0px !important;padding-bottom: 0px !important;padding-left: 0px !important;}\u00a0\u00bb][vc_column_text css=\u00a0\u00bb.vc_custom_1767596203384{border-top-width: 10px !important;border-right-width: 10px !important;border-bottom-width: 10px !important;border-left-width: 10px !important;padding-top: 5px !important;padding-right: 5px !important;padding-bottom: 5px !important;padding-left: 5px !important;}\u00a0\u00bb]<\/p>\n<p data-start=\"515\" data-end=\"878\">Le <strong data-start=\"518\" data-end=\"536\">Symposium-MBOA<\/strong> est une plateforme de visibilit\u00e9, de rencontres et d\u2019opportunit\u00e9s, port\u00e9e par des valeurs de <strong data-start=\"630\" data-end=\"673\">diversit\u00e9, d\u2019innovation et d\u2019engagement<\/strong>.<br data-start=\"674\" data-end=\"677\" \/>S\u2019associer au Symposium-MBOA, c\u2019est soutenir un \u00e9v\u00e9nement \u00e0 fort impact culturel, sportif et \u00e9conomique, tout en b\u00e9n\u00e9ficiant d\u2019une <strong data-start=\"808\" data-end=\"834\">exposition qualitative<\/strong> aupr\u00e8s d\u2019un public engag\u00e9 et multiculturel.<\/p>\n<p data-start=\"880\" data-end=\"1073\">Nos partenariats s\u2019inscrivent dans une logique de <strong data-start=\"930\" data-end=\"974\">collaboration durable et gagnant-gagnant<\/strong>, favorisant la valorisation des marques, institutions et organisations qui partagent notre vision.<\/p>\n<p data-start=\"2007\" data-end=\"2118\">Vous souhaitez associer votre image \u00e0 un \u00e9v\u00e9nement \u00e0 fort potentiel, visible, structur\u00e9 et porteur de valeurs ?<\/p>\n<p data-start=\"2120\" data-end=\"2250\">\ud83d\udc49 <strong data-start=\"2123\" data-end=\"2162\">Rejoignez l\u2019aventure Symposium-Mboa<\/strong><br data-start=\"2162\" data-end=\"2165\" \/>\ud83d\udc49 <strong data-start=\"2168\" data-end=\"2201\">Devenez partenaire ou sponsor<\/strong><br data-start=\"2201\" data-end=\"2204\" \/>\ud83d\udc49 <strong data-start=\"2207\" data-end=\"2250\">Construisons ensemble un impact durable<\/strong><\/p>\n<p data-start=\"2252\" data-end=\"2342\">\ud83d\udce9 <em data-start=\"2255\" data-end=\"2342\">Contactez-nous via le formulaire ci-dessous:\u00a0<\/em><\/p>\n<p>[\/vc_column_text][\/vc_column][vc_column width=\u00a0\u00bb1\/2&Prime;][vc_row_inner][vc_column_inner][vc_column_text]<\/p>\n<h2 data-start=\"1559\" data-end=\"1596\">\u2b50 Ils nous ont d\u00e9j\u00e0 fait confiance<\/h2>\n<p>Au fil des \u00e9ditions, des partenaires engag\u00e9s ont d\u00e9j\u00e0 contribu\u00e9 au succ\u00e8s et \u00e0 la croissance du Symposium-MBOA.<br data-start=\"737\" data-end=\"740\" \/><strong data-start=\"740\" data-end=\"805\">D\u00e9couvrez ci-dessous les partenaires des \u00e9ditions pr\u00e9c\u00e9dentes<\/strong>, qui nous ont fait confiance et ont marqu\u00e9 l\u2019histoire du Festival Symposium-MBOA:[\/vc_column_text][vc_media_grid gap=\u00a0\u00bb10&Prime; initial_loading_animation=\u00a0\u00bbnone\u00a0\u00bb grid_id=\u00a0\u00bbvc_gid:1767697961430-132be57e-a964-6&Prime; include=\u00a0\u00bb9963,9961,9958,9962,9960,9959&Prime;][\/vc_column_inner][\/vc_row_inner][\/vc_column][\/vc_row][vc_row gap=\u00a0\u00bb30&Prime;][vc_column width=\u00a0\u00bb1\/2&Prime; css=\u00a0\u00bb.vc_custom_1767595724895{border-top-width: 5px !important;border-right-width: 5px !important;border-bottom-width: 5px !important;border-left-width: 5px !important;padding-top: 10px !important;padding-right: 10px !important;padding-bottom: 10px !important;padding-left: 10px !important;border-left-color: #091075 !important;border-left-style: solid !important;border-right-color: #091075 !important;border-right-style: solid !important;border-top-color: #091075 !important;border-top-style: solid !important;border-bottom-color: #091075 !important;border-bottom-style: solid !important;border-radius: 10px !important;}\u00a0\u00bb]<div class=\"mkdf-elements-holder   mkdf-one-column  mkdf-responsive-mode-768 \" ><div class=\"mkdf-eh-item    \"  data-item-class=\"mkdf-eh-custom-5963\">\n\t<div class=\"mkdf-eh-item-inner\">\n\t\t<div class=\"mkdf-eh-item-content mkdf-eh-custom-5963\" >\n\t\t\t\n<div class=\"wpcf7 no-js\" id=\"wpcf7-f11963-o1\" lang=\"fr-FR\" dir=\"ltr\" data-wpcf7-id=\"11963\">\n<div class=\"screen-reader-response\"><p role=\"status\" aria-live=\"polite\" aria-atomic=\"true\"><\/p> <ul><\/ul><\/div>\n<form action=\"\/index.php?rest_route=%2Fwp%2Fv2%2Fpages%2F11137#wpcf7-f11963-o1\" method=\"post\" class=\"wpcf7-form init\" aria-label=\"Formulaire de contact\" novalidate=\"novalidate\" data-status=\"init\">\n<fieldset class=\"hidden-fields-container\"><input type=\"hidden\" name=\"_wpcf7\" value=\"11963\" \/><input type=\"hidden\" name=\"_wpcf7_version\" value=\"6.1.5\" \/><input type=\"hidden\" name=\"_wpcf7_locale\" value=\"fr_FR\" \/><input type=\"hidden\" name=\"_wpcf7_unit_tag\" value=\"wpcf7-f11963-o1\" \/><input type=\"hidden\" name=\"_wpcf7_container_post\" value=\"0\" \/><input type=\"hidden\" name=\"_wpcf7_posted_data_hash\" value=\"\" \/>\n<\/fieldset>\n<div class=\"mkdf-grid-row mkdf-grid-small-gutter clearfix\">\n\t<div class=\"mkd-grid-col-6\">\n\t\t<p><label>Nom de l\u2019entreprise \/ Organisation*<\/label><br \/>\n<span class=\"wpcf7-form-control-wrap\" data-name=\"company-name\"><input size=\"40\" maxlength=\"400\" class=\"wpcf7-form-control wpcf7-text wpcf7-validates-as-required\" aria-required=\"true\" aria-invalid=\"false\" value=\"\" type=\"text\" name=\"company-name\" \/><\/span>\n\t\t<\/p>\n\t<\/div>\n\t<div class=\"mkd-grid-col-6\">\n\t\t<p><label>Secteur d\u2019activit\u00e9*<\/label><br \/>\n<span class=\"wpcf7-form-control-wrap\" data-name=\"company-sector\"><input size=\"40\" maxlength=\"400\" class=\"wpcf7-form-control wpcf7-text wpcf7-validates-as-required\" aria-required=\"true\" aria-invalid=\"false\" value=\"\" type=\"text\" name=\"company-sector\" \/><\/span>\n\t\t<\/p>\n\t<\/div>\n\t<div class=\"mkd-grid-col-6\">\n\t\t<p><label>Nom & Pr\u00e9nom du contact*<\/label><br \/>\n<span class=\"wpcf7-form-control-wrap\" data-name=\"contact-name\"><input size=\"40\" maxlength=\"400\" class=\"wpcf7-form-control wpcf7-text wpcf7-validates-as-required\" autocomplete=\"name\" aria-required=\"true\" aria-invalid=\"false\" value=\"\" type=\"text\" name=\"contact-name\" \/><\/span>\n\t\t<\/p>\n\t<\/div>\n\t<div class=\"mkd-grid-col-6\">\n\t\t<p><label>Fonction \/ Poste<\/label><br \/>\n<span class=\"wpcf7-form-control-wrap\" data-name=\"contact-role\"><input size=\"40\" maxlength=\"400\" class=\"wpcf7-form-control wpcf7-text\" aria-invalid=\"false\" value=\"\" type=\"text\" name=\"contact-role\" \/><\/span>\n\t\t<\/p>\n\t<\/div>\n\t<div class=\"mkd-grid-col-6\">\n\t\t<p><label>Adresse e-mail*<\/label><br \/>\n<span class=\"wpcf7-form-control-wrap\" data-name=\"contact-email\"><input size=\"40\" maxlength=\"400\" class=\"wpcf7-form-control wpcf7-email wpcf7-validates-as-required wpcf7-text wpcf7-validates-as-email\" autocomplete=\"email\" aria-required=\"true\" aria-invalid=\"false\" value=\"\" type=\"email\" name=\"contact-email\" \/><\/span>\n\t\t<\/p>\n\t<\/div>\n\t<div class=\"mkd-grid-col-6\">\n\t\t<p><label>T\u00e9l\u00e9phone*<\/label><br \/>\n<span class=\"wpcf7-form-control-wrap\" data-name=\"contact-phone\"><input size=\"40\" maxlength=\"400\" class=\"wpcf7-form-control wpcf7-tel wpcf7-validates-as-required wpcf7-text wpcf7-validates-as-tel\" aria-required=\"true\" aria-invalid=\"false\" value=\"\" type=\"tel\" name=\"contact-phone\" \/><\/span>\n\t\t<\/p>\n\t<\/div>\n\t<div class=\"mkd-grid-col-12\">\n\t\t<p><label>Type de partenariat souhait\u00e9*<\/label><br \/>\n<span class=\"wpcf7-form-control-wrap\" data-name=\"partnership-type\"><span class=\"wpcf7-form-control wpcf7-checkbox\"><span class=\"wpcf7-list-item first\"><label><input type=\"checkbox\" name=\"partnership-type[]\" value=\"Sponsor principal\" \/><span class=\"wpcf7-list-item-label\">Sponsor principal<\/span><\/label><\/span><span class=\"wpcf7-list-item\"><label><input type=\"checkbox\" name=\"partnership-type[]\" value=\"Sponsor\" \/><span class=\"wpcf7-list-item-label\">Sponsor<\/span><\/label><\/span><span class=\"wpcf7-list-item\"><label><input type=\"checkbox\" name=\"partnership-type[]\" value=\"Partenaire institutionnel\" \/><span class=\"wpcf7-list-item-label\">Partenaire institutionnel<\/span><\/label><\/span><span class=\"wpcf7-list-item\"><label><input type=\"checkbox\" name=\"partnership-type[]\" value=\"Partenaire m\u00e9dia\" \/><span class=\"wpcf7-list-item-label\">Partenaire m\u00e9dia<\/span><\/label><\/span><span class=\"wpcf7-list-item\"><label><input type=\"checkbox\" name=\"partnership-type[]\" value=\"Exposant \/ Mboa-Market\" \/><span class=\"wpcf7-list-item-label\">Exposant \/ Mboa-Market<\/span><\/label><\/span><span class=\"wpcf7-list-item last\"><label><input type=\"checkbox\" name=\"partnership-type[]\" value=\"Autre\" \/><span class=\"wpcf7-list-item-label\">Autre<\/span><\/label><\/span><\/span><\/span>\n\t\t<\/p>\n\t<\/div>\n\t<div class=\"mkd-grid-col-12\">\n\t\t<p><label>Objectif du partenariat<\/label><br \/>\n<span class=\"wpcf7-form-control-wrap\" data-name=\"partnership-goal\"><span class=\"wpcf7-form-control wpcf7-checkbox\"><span class=\"wpcf7-list-item first\"><label><input type=\"checkbox\" name=\"partnership-goal[]\" value=\"Visibilit\u00e9 de marque\" \/><span class=\"wpcf7-list-item-label\">Visibilit\u00e9 de marque<\/span><\/label><\/span><span class=\"wpcf7-list-item\"><label><input type=\"checkbox\" name=\"partnership-goal[]\" value=\"D\u00e9veloppement commercial\" \/><span class=\"wpcf7-list-item-label\">D\u00e9veloppement commercial<\/span><\/label><\/span><span class=\"wpcf7-list-item\"><label><input type=\"checkbox\" name=\"partnership-goal[]\" value=\"Engagement soci\u00e9tal\" \/><span class=\"wpcf7-list-item-label\">Engagement soci\u00e9tal<\/span><\/label><\/span><span class=\"wpcf7-list-item\"><label><input type=\"checkbox\" name=\"partnership-goal[]\" value=\"Networking\" \/><span class=\"wpcf7-list-item-label\">Networking<\/span><\/label><\/span><span class=\"wpcf7-list-item last\"><label><input type=\"checkbox\" name=\"partnership-goal[]\" value=\"Lancement de produit\" \/><span class=\"wpcf7-list-item-label\">Lancement de produit<\/span><\/label><\/span><\/span><\/span>\n\t\t<\/p>\n\t<\/div>\n\t<div class=\"mkd-grid-col-12\">\n\t\t<p><label>Message \/ D\u00e9tails de votre demande*<\/label><br \/>\n<span class=\"wpcf7-form-control-wrap\" data-name=\"partnership-message\"><textarea cols=\"40\" rows=\"6\" maxlength=\"2000\" class=\"wpcf7-form-control wpcf7-textarea wpcf7-validates-as-required\" aria-required=\"true\" aria-invalid=\"false\" placeholder=\"Pr\u00e9sentez bri\u00e8vement votre entreprise et vos attentes.\" name=\"partnership-message\"><\/textarea><\/span>\n\t\t<\/p>\n\t<\/div>\n<\/div>\n<p class=\"mkd-center-button\"><br \/>\n<input class=\"wpcf7-form-control wpcf7-submit has-spinner mkd-contact2\" type=\"submit\" value=\"Devenir partenaire\" \/>\n<\/p><div class=\"wpcf7-response-output\" aria-hidden=\"true\"><\/div>\n<\/form>\n<\/div>\n[vc_empty_space]\t\t<\/div>\n\t<\/div>\n<\/div><\/div>[\/vc_column][vc_column width=\u00a0\u00bb1\/2&Prime; css=\u00a0\u00bb.vc_custom_1767698157862{border-top-width: 5px !important;border-right-width: 5px !important;border-bottom-width: 5px !important;border-left-width: 5px !important;padding-top: 10px !important;padding-right: 10px !important;padding-bottom: 10px !important;padding-left: 10px !important;border-left-color: #e51699 !important;border-left-style: solid !important;border-right-color: #e51699 !important;border-right-style: solid !important;border-top-color: #e51699 !important;border-top-style: solid !important;border-bottom-color: #e51699 !important;border-bottom-style: solid !important;border-radius: 10px !important;}\u00a0\u00bb][vc_column_text]<strong data-start=\"1343\" data-end=\"1404\">Vous h\u00e9sitez encore ou souhaitez une formule sur mesure ?<\/strong><br data-start=\"1404\" data-end=\"1407\" \/>Notre \u00e9quipe est \u00e0 votre \u00e9coute pour co-construire un partenariat adapt\u00e9 \u00e0 vos objectifs.<\/p>\n<p>[\/vc_column_text]\n<div class=\"wpcf7 no-js\" id=\"wpcf7-f11980-o2\" lang=\"fr-FR\" dir=\"ltr\" data-wpcf7-id=\"11980\">\n<div class=\"screen-reader-response\"><p role=\"status\" aria-live=\"polite\" aria-atomic=\"true\"><\/p> <ul><\/ul><\/div>\n<form action=\"\/index.php?rest_route=%2Fwp%2Fv2%2Fpages%2F11137#wpcf7-f11980-o2\" method=\"post\" class=\"wpcf7-form init\" aria-label=\"Formulaire de contact\" novalidate=\"novalidate\" data-status=\"init\">\n<fieldset class=\"hidden-fields-container\"><input type=\"hidden\" name=\"_wpcf7\" value=\"11980\" \/><input type=\"hidden\" name=\"_wpcf7_version\" value=\"6.1.5\" \/><input type=\"hidden\" name=\"_wpcf7_locale\" value=\"fr_FR\" \/><input type=\"hidden\" name=\"_wpcf7_unit_tag\" value=\"wpcf7-f11980-o2\" \/><input type=\"hidden\" name=\"_wpcf7_container_post\" value=\"0\" \/><input type=\"hidden\" name=\"_wpcf7_posted_data_hash\" value=\"\" \/>\n<\/fieldset>\n<div class=\"mkdf-grid-row mkdf-grid-small-gutter clearfix\">\n\t<div class=\"mkd-grid-col-6\">\n\t\t<p><label>Nom de l\u2019entreprise \/ Organisation *<\/label><br \/>\n<span class=\"wpcf7-form-control-wrap\" data-name=\"company-name\"><input size=\"40\" maxlength=\"400\" class=\"wpcf7-form-control wpcf7-text wpcf7-validates-as-required\" aria-required=\"true\" aria-invalid=\"false\" value=\"\" type=\"text\" name=\"company-name\" \/><\/span>\n\t\t<\/p>\n\t<\/div>\n\t<div class=\"mkd-grid-col-6\">\n\t\t<p><label>Nom & pr\u00e9nom du contact *<\/label><br \/>\n<span class=\"wpcf7-form-control-wrap\" data-name=\"contact-name\"><input size=\"40\" maxlength=\"400\" class=\"wpcf7-form-control wpcf7-text wpcf7-validates-as-required\" autocomplete=\"name\" aria-required=\"true\" aria-invalid=\"false\" value=\"\" type=\"text\" name=\"contact-name\" \/><\/span>\n\t\t<\/p>\n\t<\/div>\n\t<div class=\"mkd-grid-col-6\">\n\t\t<p><label>Fonction \/ Poste *<\/label><br \/>\n<span class=\"wpcf7-form-control-wrap\" data-name=\"contact-role\"><input size=\"40\" maxlength=\"400\" class=\"wpcf7-form-control wpcf7-text wpcf7-validates-as-required\" aria-required=\"true\" aria-invalid=\"false\" value=\"\" type=\"text\" name=\"contact-role\" \/><\/span>\n\t\t<\/p>\n\t<\/div>\n\t<div class=\"mkd-grid-col-6\">\n\t\t<p><label>Adresse e-mail professionnelle *<\/label><br \/>\n<span class=\"wpcf7-form-control-wrap\" data-name=\"contact-email\"><input size=\"40\" maxlength=\"400\" class=\"wpcf7-form-control wpcf7-email wpcf7-validates-as-required wpcf7-text wpcf7-validates-as-email\" autocomplete=\"email\" aria-required=\"true\" aria-invalid=\"false\" value=\"\" type=\"email\" name=\"contact-email\" \/><\/span>\n\t\t<\/p>\n\t<\/div>\n\t<div class=\"mkd-grid-col-6\">\n\t\t<p><label>T\u00e9l\u00e9phone<\/label><br \/>\n<span class=\"wpcf7-form-control-wrap\" data-name=\"contact-phone\"><input size=\"40\" maxlength=\"400\" class=\"wpcf7-form-control wpcf7-text\" aria-invalid=\"false\" value=\"\" type=\"text\" name=\"contact-phone\" \/><\/span>\n\t\t<\/p>\n\t<\/div>\n\t<div class=\"mkd-grid-col-6\">\n\t\t<p><label>Pays \/ Ville<\/label><br \/>\n<span class=\"wpcf7-form-control-wrap\" data-name=\"contact-location\"><input size=\"40\" maxlength=\"400\" class=\"wpcf7-form-control wpcf7-text\" aria-invalid=\"false\" value=\"\" type=\"text\" name=\"contact-location\" \/><\/span>\n\t\t<\/p>\n\t<\/div>\n<\/div>\n<hr \/>\n<p><label>Type de partenariat envisag\u00e9 *<\/label><br \/>\n<span class=\"wpcf7-form-control-wrap\" data-name=\"partnership-type\"><span class=\"wpcf7-form-control wpcf7-checkbox wpcf7-validates-as-required\"><span class=\"wpcf7-list-item first\"><label><input type=\"checkbox\" name=\"partnership-type[]\" value=\"Partenariat financier\" \/><span class=\"wpcf7-list-item-label\">Partenariat financier<\/span><\/label><\/span><span class=\"wpcf7-list-item\"><label><input type=\"checkbox\" name=\"partnership-type[]\" value=\"Sponsoring de visibilit\u00e9\" \/><span class=\"wpcf7-list-item-label\">Sponsoring de visibilit\u00e9<\/span><\/label><\/span><span class=\"wpcf7-list-item\"><label><input type=\"checkbox\" name=\"partnership-type[]\" value=\"Partenariat institutionnel\" \/><span class=\"wpcf7-list-item-label\">Partenariat institutionnel<\/span><\/label><\/span><span class=\"wpcf7-list-item\"><label><input type=\"checkbox\" name=\"partnership-type[]\" value=\"Partenariat m\u00e9dia\" \/><span class=\"wpcf7-list-item-label\">Partenariat m\u00e9dia<\/span><\/label><\/span><span class=\"wpcf7-list-item\"><label><input type=\"checkbox\" name=\"partnership-type[]\" value=\"Partenariat strat\u00e9gique\" \/><span class=\"wpcf7-list-item-label\">Partenariat strat\u00e9gique<\/span><\/label><\/span><span class=\"wpcf7-list-item last\"><label><input type=\"checkbox\" name=\"partnership-type[]\" value=\"Autre (\u00e0 pr\u00e9ciser)\" \/><span class=\"wpcf7-list-item-label\">Autre (\u00e0 pr\u00e9ciser)<\/span><\/label><\/span><\/span><\/span>\n<\/p>\n<hr \/>\n<p><label>Objectifs principaux de votre partenariat *<\/label><br \/>\n<span class=\"wpcf7-form-control-wrap\" data-name=\"partnership-goals\"><span class=\"wpcf7-form-control wpcf7-checkbox wpcf7-validates-as-required\"><span class=\"wpcf7-list-item first\"><label><input type=\"checkbox\" name=\"partnership-goals[]\" value=\"Visibilit\u00e9 de marque\" \/><span class=\"wpcf7-list-item-label\">Visibilit\u00e9 de marque<\/span><\/label><\/span><span class=\"wpcf7-list-item\"><label><input type=\"checkbox\" name=\"partnership-goals[]\" value=\"G\u00e9n\u00e9ration de leads\" \/><span class=\"wpcf7-list-item-label\">G\u00e9n\u00e9ration de leads<\/span><\/label><\/span><span class=\"wpcf7-list-item\"><label><input type=\"checkbox\" name=\"partnership-goals[]\" value=\"Positionnement institutionnel\" \/><span class=\"wpcf7-list-item-label\">Positionnement institutionnel<\/span><\/label><\/span><span class=\"wpcf7-list-item\"><label><input type=\"checkbox\" name=\"partnership-goals[]\" value=\"Engagement communautaire\" \/><span class=\"wpcf7-list-item-label\">Engagement communautaire<\/span><\/label><\/span><span class=\"wpcf7-list-item\"><label><input type=\"checkbox\" name=\"partnership-goals[]\" value=\"Lancement de produit \/ service\" \/><span class=\"wpcf7-list-item-label\">Lancement de produit \/ service<\/span><\/label><\/span><span class=\"wpcf7-list-item last\"><label><input type=\"checkbox\" name=\"partnership-goals[]\" value=\"Autre\" \/><span class=\"wpcf7-list-item-label\">Autre<\/span><\/label><\/span><\/span><\/span>\n<\/p>\n<hr \/>\n<p><label>Budget estimatif (optionnel)<\/label><br \/>\n<span class=\"wpcf7-form-control-wrap\" data-name=\"partnership-budget\"><select class=\"wpcf7-form-control wpcf7-select\" aria-invalid=\"false\" name=\"partnership-budget\"><option value=\"Moins de 2 000 \u20ac\">Moins de 2 000 \u20ac<\/option><option value=\"2 000 \u20ac \u2013 5 000 \u20ac\">2 000 \u20ac \u2013 5 000 \u20ac<\/option><option value=\"5 000 \u20ac \u2013 10 000 \u20ac\">5 000 \u20ac \u2013 10 000 \u20ac<\/option><option value=\"Plus de 10 000 \u20ac\">Plus de 10 000 \u20ac<\/option><option value=\"\u00c0 d\u00e9finir ensemble\">\u00c0 d\u00e9finir ensemble<\/option><\/select><\/span>\n<\/p>\n<hr \/>\n<p><label>Expliquez-nous bri\u00e8vement votre besoin ou votre id\u00e9e de partenariat *<\/label><br \/>\n<span class=\"wpcf7-form-control-wrap\" data-name=\"partnership-message\"><textarea cols=\"40\" rows=\"6\" maxlength=\"2000\" class=\"wpcf7-form-control wpcf7-textarea wpcf7-validates-as-required\" aria-required=\"true\" aria-invalid=\"false\" placeholder=\"D\u00e9crivez vos attentes, vos objectifs ou la formule sur mesure que vous imaginez\u2026\" name=\"partnership-message\"><\/textarea><\/span>\n<\/p>\n<p class=\"mkd-center-button\"><br \/>\n<input class=\"wpcf7-form-control wpcf7-submit has-spinner mkd-contact2\" type=\"submit\" value=\"Soumettre une demande de partenariat\" \/>\n<\/p><div class=\"wpcf7-response-output\" aria-hidden=\"true\"><\/div>\n<\/form>\n<\/div>\n[\/vc_column][\/vc_row][vc_row][vc_column][vc_empty_space][\/vc_column][\/vc_row]<\/p>\n<\/section>","protected":false},"excerpt":{"rendered":"<p>[vc_row gap=\u00a0\u00bb30&Prime;][vc_column width=\u00a0\u00bb1\/2&Prime; css=\u00a0\u00bb.vc_custom_1767595182170{border-top-width: 0px !important;border-right-width: 0px !important;border-bottom-width: 0px !important;border-left-width: 0px !important;padding-top: 0px !important;padding-right: 0px !important;padding-bottom: 0px !important;padding-left: 0px !important;}\u00a0\u00bb][vc_column_text [&hellip;]<\/p>\n","protected":false},"author":2,"featured_media":0,"parent":0,"menu_order":0,"comment_status":"closed","ping_status":"closed","template":"","meta":{"footnotes":""},"categories":[],"tags":[],"class_list":["post-11137","page","type-page","status-publish","hentry"],"rttpg_featured_image_url":null,"rttpg_author":{"display_name":"Presse","author_link":"https:\/\/symposium-mboa.com\/?author=2"},"rttpg_comment":0,"rttpg_category":false,"rttpg_excerpt":"[vc_row gap=\u00a0\u00bb30&Prime;][vc_column width=\u00a0\u00bb1\/2&Prime; css=\u00a0\u00bb.vc_custom_1767595182170{border-top-width: 0px !important;border-right-width: 0px !important;border-bottom-width: 0px !important;border-left-width: 0px !important;padding-top: 0px !important;padding-right: 0px !important;padding-bottom: 0px !important;padding-left: 0px !important;}\u00a0\u00bb][vc_column_text [&hellip;]","_links":{"self":[{"href":"https:\/\/symposium-mboa.com\/index.php?rest_route=\/wp\/v2\/pages\/11137","targetHints":{"allow":["GET"]}}],"collection":[{"href":"https:\/\/symposium-mboa.com\/index.php?rest_route=\/wp\/v2\/pages"}],"about":[{"href":"https:\/\/symposium-mboa.com\/index.php?rest_route=\/wp\/v2\/types\/page"}],"author":[{"embeddable":true,"href":"https:\/\/symposium-mboa.com\/index.php?rest_route=\/wp\/v2\/users\/2"}],"replies":[{"embeddable":true,"href":"https:\/\/symposium-mboa.com\/index.php?rest_route=%2Fwp%2Fv2%2Fcomments&post=11137"}],"version-history":[{"count":24,"href":"https:\/\/symposium-mboa.com\/index.php?rest_route=\/wp\/v2\/pages\/11137\/revisions"}],"predecessor-version":[{"id":11983,"href":"https:\/\/symposium-mboa.com\/index.php?rest_route=\/wp\/v2\/pages\/11137\/revisions\/11983"}],"wp:attachment":[{"href":"https:\/\/symposium-mboa.com\/index.php?rest_route=%2Fwp%2Fv2%2Fmedia&parent=11137"}],"wp:term":[{"taxonomy":"category","embeddable":true,"href":"https:\/\/symposium-mboa.com\/index.php?rest_route=%2Fwp%2Fv2%2Fcategories&post=11137"},{"taxonomy":"post_tag","embeddable":true,"href":"https:\/\/symposium-mboa.com\/index.php?rest_route=%2Fwp%2Fv2%2Ftags&post=11137"}],"curies":[{"name":"wp","href":"https:\/\/api.w.org\/{rel}","templated":true}]}}