{"id":11129,"date":"2025-12-17T02:37:46","date_gmt":"2025-12-17T02:37:46","guid":{"rendered":"https:\/\/symposium-mboa.com\/?page_id=11129"},"modified":"2026-01-08T02:04:17","modified_gmt":"2026-01-08T02:04:17","slug":"le-symposium-mboa","status":"publish","type":"page","link":"https:\/\/symposium-mboa.com\/?page_id=11129","title":{"rendered":"Le Symposium-MBOA"},"content":{"rendered":"<section class=\"wpb-content-wrapper\"><p>[vc_section][vc_row][vc_column]<div class=\"mkdf-section-title-holder  \" >\n\t<div class=\"mkdf-st-inner\">\n\t\t\t\t\t\t\t\t\t\t\t<\/div>\n<\/div>[\/vc_column][\/vc_row][vc_row][vc_column width=\u00a0\u00bb1\/4&Prime;][vc_empty_space][vc_column_text]Le Festival Symposium-Mboa transpire d&rsquo;une histoire fascinante que nous vous invitons \u00e0 d\u00e9couvrir en cliquant sur le bouton ci-dessous:<\/p>\n<p>&nbsp;<\/p>\n<p>&nbsp;<\/p>\n<p><a itemprop=\"url\" href=\"https:\/\/symposium-mboa.com\/le-symposium-mboa\/a-propos\/\" target=\"_self\" style=\"background-color: #1c7ae3;border-color: #1c7ae3;font-weight: #1c7ae3\" class=\"mkdf-btn mkdf-btn-medium mkdf-btn-solid mkdf-btn-custom-hover-bg\" data-hover-bg-color=\"#1c7ae3\" >\n    \t<span class=\"mkdf-btn-text\">\u00c0 propos du Symposium-Mboa<\/span>\n\t        <i class=\"mkdf-icon-font-awesome fa  \" ><\/i>\t<\/a>[\/vc_column_text][vc_empty_space][\/vc_column][vc_column width=\u00a0\u00bb1\/4&Prime;][vc_empty_space][vc_column_text]En un clic d\u00e9crouvrez la vision et les objectifs du <strong>Festival Symposium-Mboa,\u00a0<\/strong>source de notre engagement social.<\/p>\n<p>Cliquez sur le bouton ci-dessous<\/p>\n<p>&nbsp;<\/p>\n<p><a itemprop=\"url\" href=\"https:\/\/symposium-mboa.com\/le-symposium-mboa\/a-propos\/\" target=\"_self\" style=\"background-color: #1c7ae3;border-color: #1c7ae3;font-weight: #1c7ae3\" class=\"mkdf-btn mkdf-btn-medium mkdf-btn-solid mkdf-btn-custom-hover-bg\" data-hover-bg-color=\"#1c7ae3\" >\n    \t<span class=\"mkdf-btn-text\">Vision et Objectifs du Symposium-Mboa<\/span>\n\t        <i class=\"mkdf-icon-font-awesome fa  \" ><\/i>\t<\/a>[\/vc_column_text][vc_empty_space][\/vc_column][vc_column width=\u00a0\u00bb1\/4&Prime;][vc_empty_space][vc_column_text]Un bref appercu des \u00e9ditions pr\u00e9c\u00e9dentes et de ce que nous vous r\u00e9servons cette \u00e9dition.<\/p>\n<p>Pour en savoir mieux, cliquez ci-dessous:<\/p>\n<p>&nbsp;<\/p>\n<p><a itemprop=\"url\" href=\"https:\/\/symposium-mboa.com\/le-symposium-mboa\/a-propos\/\" target=\"_self\" style=\"background-color: #1c7ae3;border-color: #1c7ae3;font-weight: #1c7ae3\" class=\"mkdf-btn mkdf-btn-medium mkdf-btn-solid mkdf-btn-custom-hover-bg\" data-hover-bg-color=\"#1c7ae3\" >\n    \t<span class=\"mkdf-btn-text\">Historique &amp; \u00e9dition actuelle<\/span>\n\t        <i class=\"mkdf-icon-font-awesome fa  \" ><\/i>\t<\/a>[\/vc_column_text][vc_empty_space][\/vc_column][vc_column width=\u00a0\u00bb1\/4&Prime;][vc_empty_space][vc_column_text]Quelques chiffres indicateurs des \u00e9ditions pr\u00e9c\u00e9dentes du Festival Symposium-Mboa ont \u00e9t\u00e9 regroup\u00e9s pour vous. Nombre de visiteurs, d&rsquo;athl\u00e8thes, d&rsquo;\u00e9quipes&#8230; Voir ci-desssous:<\/p>\n<p>&nbsp;<\/p>\n<p><a itemprop=\"url\" href=\"https:\/\/symposium-mboa.com\/le-symposium-mboa\/a-propos\/\" target=\"_self\" style=\"background-color: #1c7ae3;border-color: #1c7ae3;font-weight: #1c7ae3\" class=\"mkdf-btn mkdf-btn-medium mkdf-btn-solid mkdf-btn-custom-hover-bg\" data-hover-bg-color=\"#1c7ae3\" >\n    \t<span class=\"mkdf-btn-text\">Les chiffres cl\u00e9s<\/span>\n\t        <i class=\"mkdf-icon-font-awesome fa  \" ><\/i>\t<\/a>[\/vc_column_text][vc_empty_space][\/vc_column][\/vc_row][\/vc_section]<\/p>\n<\/section>","protected":false},"excerpt":{"rendered":"<p>[vc_section][vc_row][vc_column][\/vc_column][\/vc_row][vc_row][vc_column width=\u00a0\u00bb1\/4&Prime;][vc_empty_space][vc_column_text]Le Festival Symposium-Mboa transpire d&rsquo;une histoire fascinante que nous vous invitons \u00e0 d\u00e9couvrir en cliquant sur le bouton ci-dessous: [&hellip;]<\/p>\n","protected":false},"author":2,"featured_media":0,"parent":0,"menu_order":0,"comment_status":"closed","ping_status":"closed","template":"","meta":{"footnotes":""},"categories":[],"tags":[],"class_list":["post-11129","page","type-page","status-publish","hentry"],"rttpg_featured_image_url":null,"rttpg_author":{"display_name":"Presse","author_link":"https:\/\/symposium-mboa.com\/?author=2"},"rttpg_comment":0,"rttpg_category":false,"rttpg_excerpt":"[vc_section][vc_row][vc_column][\/vc_column][\/vc_row][vc_row][vc_column width=\u00a0\u00bb1\/4&Prime;][vc_empty_space][vc_column_text]Le Festival Symposium-Mboa transpire d&rsquo;une histoire fascinante que nous vous invitons \u00e0 d\u00e9couvrir en cliquant sur le bouton ci-dessous: [&hellip;]","_links":{"self":[{"href":"https:\/\/symposium-mboa.com\/index.php?rest_route=\/wp\/v2\/pages\/11129","targetHints":{"allow":["GET"]}}],"collection":[{"href":"https:\/\/symposium-mboa.com\/index.php?rest_route=\/wp\/v2\/pages"}],"about":[{"href":"https:\/\/symposium-mboa.com\/index.php?rest_route=\/wp\/v2\/types\/page"}],"author":[{"embeddable":true,"href":"https:\/\/symposium-mboa.com\/index.php?rest_route=\/wp\/v2\/users\/2"}],"replies":[{"embeddable":true,"href":"https:\/\/symposium-mboa.com\/index.php?rest_route=%2Fwp%2Fv2%2Fcomments&post=11129"}],"version-history":[{"count":34,"href":"https:\/\/symposium-mboa.com\/index.php?rest_route=\/wp\/v2\/pages\/11129\/revisions"}],"predecessor-version":[{"id":11720,"href":"https:\/\/symposium-mboa.com\/index.php?rest_route=\/wp\/v2\/pages\/11129\/revisions\/11720"}],"wp:attachment":[{"href":"https:\/\/symposium-mboa.com\/index.php?rest_route=%2Fwp%2Fv2%2Fmedia&parent=11129"}],"wp:term":[{"taxonomy":"category","embeddable":true,"href":"https:\/\/symposium-mboa.com\/index.php?rest_route=%2Fwp%2Fv2%2Fcategories&post=11129"},{"taxonomy":"post_tag","embeddable":true,"href":"https:\/\/symposium-mboa.com\/index.php?rest_route=%2Fwp%2Fv2%2Ftags&post=11129"}],"curies":[{"name":"wp","href":"https:\/\/api.w.org\/{rel}","templated":true}]}}