{"id":11127,"date":"2025-12-17T02:36:52","date_gmt":"2025-12-17T02:36:52","guid":{"rendered":"https:\/\/symposium-mboa.com\/?page_id=11127"},"modified":"2026-01-26T18:52:48","modified_gmt":"2026-01-26T17:52:48","slug":"accueil","status":"publish","type":"page","link":"https:\/\/symposium-mboa.com\/","title":{"rendered":"Accueil"},"content":{"rendered":"<section class=\"wpb-content-wrapper\"><p>[vc_row][vc_column][vc_empty_space height=\u00a0\u00bb30px\u00a0\u00bb][\/vc_column][\/vc_row][vc_row disable_element=\u00a0\u00bbyes\u00a0\u00bb][vc_column]\n\t\t\t<!-- START Slider 2 REVOLUTION SLIDER 6.6.7 --><p class=\"rs-p-wp-fix\"><\/p>\n\t\t\t<rs-module-wrap id=\"rev_slider_18_1_wrapper\" data-source=\"gallery\" style=\"visibility:hidden;background:transparent;padding:0;margin:0px auto;margin-top:0;margin-bottom:0;\">\n\t\t\t\t<rs-module id=\"rev_slider_18_1\" style=\"\" data-version=\"6.6.7\">\n\t\t\t\t\t<rs-slides style=\"overflow: hidden; position: absolute;\">\n\t\t\t\t\t\t<rs-slide style=\"position: absolute;\" data-key=\"rs-68\" data-title=\"Slide\" data-in=\"o:0;\" data-out=\"a:false;\">\n\t\t\t\t\t\t\t<img decoding=\"async\" src=\"\/\/symposium-mboa.com\/wp-content\/plugins\/revslider\/public\/assets\/assets\/dummy.png\" alt=\"Slide\" title=\"Accueil\" class=\"rev-slidebg tp-rs-img rs-lazyload\" data-lazyload=\"\/\/symposium-mboa.com\/wp-content\/plugins\/revslider\/public\/assets\/assets\/transparent.png\" data-no-retina>\n<!--\n\t\t\t\t\t\t\t--><rs-layer\n\t\t\t\t\t\t\t\tid=\"slider-18-slide-68-layer-0\" \n\t\t\t\t\t\t\t\tdata-type=\"image\"\n\t\t\t\t\t\t\t\tdata-rsp_ch=\"on\"\n\t\t\t\t\t\t\t\tdata-xy=\"x:c;y:c;\"\n\t\t\t\t\t\t\t\tdata-text=\"w:normal;\"\n\t\t\t\t\t\t\t\tdata-dim=\"w:1243px;h:466px;\"\n\t\t\t\t\t\t\t\tdata-frame_999=\"o:0;st:w;\"\n\t\t\t\t\t\t\t\tstyle=\"z-index:5;\"\n\t\t\t\t\t\t\t><img decoding=\"async\" src=\"\/\/symposium-mboa.com\/wp-content\/plugins\/revslider\/public\/assets\/assets\/dummy.png\" alt=\"\" class=\"tp-rs-img rs-lazyload\" width=\"2560\" height=\"960\" data-lazyload=\"\/\/symposium-mboa.com\/wp-content\/uploads\/2025\/12\/Berlin-By-Night2-scaled.png\" data-no-retina> \n\t\t\t\t\t\t\t<\/rs-layer><!--\n-->\t\t\t\t\t\t<\/rs-slide>\n\t\t\t\t\t<\/rs-slides>\n\t\t\t\t<\/rs-module>\n\t\t\t\t<script>\n\t\t\t\t\tsetREVStartSize({c: 'rev_slider_18_1',rl:[1240,1024,778,480],el:[900],gw:[1240],gh:[900],type:'hero',justify:'',layout:'fullwidth',mh:\"0\"});if (window.RS_MODULES!==undefined && window.RS_MODULES.modules!==undefined && window.RS_MODULES.modules[\"revslider181\"]!==undefined) {window.RS_MODULES.modules[\"revslider181\"].once = false;window.revapi18 = undefined;if (window.RS_MODULES.checkMinimal!==undefined) window.RS_MODULES.checkMinimal()}\n\t\t\t\t<\/script>\n\t\t\t<\/rs-module-wrap>\n\t\t\t<!-- END REVOLUTION SLIDER -->\n[\/vc_column][\/vc_row][vc_row][vc_column][vc_single_image image=\u00a0\u00bb11568&Prime; img_size=\u00a0\u00bbfull\u00a0\u00bb alignment=\u00a0\u00bbcenter\u00a0\u00bb][\/vc_column][\/vc_row][vc_row row_content_width=\u00a0\u00bbgrid\u00a0\u00bb][vc_column]<div class=\"mkdf-section-title-holder  \" style=\"text-align: left\">\n\t<div class=\"mkdf-st-inner\">\n\t\t\t\t\t\t\t<h2 class=\"mkdf-st-title\" style=\"color: #091075\">\n\t\t\t\tPourquoi le Symposium-MBOA?\t\t\t\t<span class=\"mkdf-st-title-mark\" ><\/span>\n\t\t\t<\/h2>\n\t\t\t\t\t\t\t<div class=\"mkdf-st-separator\" style=\"background-color: #091075;margin-top: 5px\"><\/div>\n\t\t\t\t\t\t\t\t\t<p class=\"mkdf-st-text\" >\n\t\t\t\tLe Symposium-Mboa est un espace de rencontre et de valorisation qui r\u00e9unit culture, sport, gastronomie et business au sein d\u2019un m\u00eame \u00e9v\u00e9nement.<br \/>Il offre une plateforme structur\u00e9e o\u00f9 talents, entrepreneurs, associations et communaut\u00e9s afro-descendantes en Europe peuvent se rencontrer, \u00e9changer et cr\u00e9er des opportunit\u00e9s durables.\t\t\t<\/p>\n\t\t\t<\/div>\n<\/div>[vc_empty_space height=\u00a0\u00bb20px\u00a0\u00bb][\/vc_column][\/vc_row][vc_row][vc_column][vc_row_inner equal_height=\u00a0\u00bbyes\u00a0\u00bb gap=\u00a0\u00bb15&Prime;][vc_column_inner width=\u00a0\u00bb1\/3&Prime; css=\u00a0\u00bb.vc_custom_1769288424685{border-top-width: 5px !important;border-right-width: 5px !important;border-bottom-width: 5px !important;border-left-width: 5px !important;border-left-color: #091075 !important;border-left-style: solid !important;border-right-color: #091075 !important;border-right-style: solid !important;border-top-color: #091075 !important;border-top-style: solid !important;border-bottom-color: #091075 !important;border-bottom-style: solid !important;border-radius: 5px !important;}\u00a0\u00bb]<div class=\"mkdf-elements-holder   mkdf-one-column  mkdf-responsive-mode-768 \" ><div class=\"mkdf-eh-item    \"  data-item-class=\"mkdf-eh-custom-9590\">\n\t<div class=\"mkdf-eh-item-inner\">\n\t\t<div class=\"mkdf-eh-item-content mkdf-eh-custom-9590\" >\n\t\t\t<div class=\"mkdf-section-title-holder  \" >\n\t<div class=\"mkdf-st-inner\">\n\t\t\t\t\t\t\t<h5 class=\"mkdf-st-title\" style=\"color: #091075\">\n\t\t\t\tSPORT &amp; COMP\u00c9TITION\t\t\t\t<span class=\"mkdf-st-title-mark\" ><\/span>\n\t\t\t<\/h5>\n\t\t\t\t\t\t\t\t\t\t\t<p class=\"mkdf-st-text\" >\n\t\t\t\tLe sport est au c\u0153ur du Symposium-Mboa.<br \/>Il rassemble, f\u00e9d\u00e8re et d\u00e9passe les diff\u00e9rences.\r\n\u00c0 travers des comp\u00e9titions ouvertes et inclusives, le Symposium-Mboa met en avant l\u2019esprit d\u2019\u00e9quipe, le fair-play et le d\u00e9passement de soi. Ici, le sport devient un langage universel, un espace de rencontre et de c\u00e9l\u00e9bration o\u00f9 la passion unit les talents venus de tous horizons.\t\t\t<\/p>\n\t\t\t<\/div>\n<\/div>[vc_single_image image=\u00a0\u00bb10775&Prime; img_size=\u00a0\u00bblarge\u00a0\u00bb]\t\t<\/div>\n\t<\/div>\n<\/div><\/div>[vc_empty_space][\/vc_column_inner][vc_column_inner width=\u00a0\u00bb1\/3&Prime; css=\u00a0\u00bb.vc_custom_1769287011052{border-top-width: 5px !important;border-right-width: 5px !important;border-bottom-width: 5px !important;border-left-width: 5px !important;border-left-color: #091075 !important;border-left-style: solid !important;border-right-color: #091075 !important;border-right-style: solid !important;border-top-color: #091075 !important;border-top-style: solid !important;border-bottom-color: #091075 !important;border-bottom-style: solid !important;border-radius: 5px !important;}\u00a0\u00bb]<div class=\"mkdf-elements-holder   mkdf-one-column  mkdf-responsive-mode-768 \" ><div class=\"mkdf-eh-item    \"  data-item-class=\"mkdf-eh-custom-6709\">\n\t<div class=\"mkdf-eh-item-inner\">\n\t\t<div class=\"mkdf-eh-item-content mkdf-eh-custom-6709\" >\n\t\t\t<div class=\"mkdf-section-title-holder  \" style=\"text-align: left\">\n\t<div class=\"mkdf-st-inner\">\n\t\t\t\t\t\t\t<h5 class=\"mkdf-st-title\" style=\"color: #091075\">\n\t\t\t\tCULTURE &amp; ANIMATIONS\t\t\t\t<span class=\"mkdf-st-title-mark\" ><\/span>\n\t\t\t<\/h5>\n\t\t\t\t\t\t\t\t\t\t\t<p class=\"mkdf-st-text\" >\n\t\t\t\tLa culture est une force vivante au Symposium-Mboa.<br \/>Elle s\u2019exprime, se partage et se c\u00e9l\u00e8bre.\r\n\u00c0 travers des animations, des performances et des expressions artistiques vari\u00e9es, le Symposium-Mboa cr\u00e9e un espace de rencontre et de d\u00e9couverte, o\u00f9 traditions et cr\u00e9ations contemporaines se croisent pour rassembler tous les publics.\t\t\t<\/p>\n\t\t\t<\/div>\n<\/div>[vc_single_image image=\u00a0\u00bb10790&Prime; img_size=\u00a0\u00bblarge\u00a0\u00bb css=\u00a0\u00bb.vc_custom_1769250016830{padding-top: 20px !important;padding-bottom: 30px !important;}\u00a0\u00bb]\t\t<\/div>\n\t<\/div>\n<\/div><\/div>[vc_empty_space][\/vc_column_inner][vc_column_inner width=\u00a0\u00bb1\/3&Prime; css=\u00a0\u00bb.vc_custom_1769287089566{border-top-width: 5px !important;border-right-width: 5px !important;border-bottom-width: 5px !important;border-left-width: 5px !important;border-left-color: #091075 !important;border-left-style: solid !important;border-right-color: #091075 !important;border-right-style: solid !important;border-top-color: #091075 !important;border-top-style: solid !important;border-bottom-color: #091075 !important;border-bottom-style: solid !important;border-radius: 5px !important;}\u00a0\u00bb]<div class=\"mkdf-elements-holder   mkdf-one-column  mkdf-responsive-mode-768 \" ><div class=\"mkdf-eh-item    \"  data-item-class=\"mkdf-eh-custom-5993\">\n\t<div class=\"mkdf-eh-item-inner\">\n\t\t<div class=\"mkdf-eh-item-content mkdf-eh-custom-5993\" >\n\t\t\t<div class=\"mkdf-section-title-holder  \" style=\"text-align: left\">\n\t<div class=\"mkdf-st-inner\">\n\t\t\t\t\t\t\t<h5 class=\"mkdf-st-title\" style=\"color: #091075\">\n\t\t\t\tBUSINESS &amp; GASTRONOMIE\t\t\t\t<span class=\"mkdf-st-title-mark\" ><\/span>\n\t\t\t<\/h5>\n\t\t\t\t\t\t\t\t\t\t\t<p class=\"mkdf-st-text\" >\n\t\t\t\tLe business et la gastronomie se rencontrent au Symposium-Mboa.<br \/>Entreprendre, partager et d\u00e9couvrir prennent ici tout leur sens.<br \/>Stands, rencontres et \u00e9changes mettent en lumi\u00e8re les savoir-faire culinaires et les initiatives entrepreneuriales, dans un cadre convivial o\u00f9 les opportunit\u00e9s se cr\u00e9ent autour du go\u00fbt et du dialogue.\t\t\t<\/p>\n\t\t\t<\/div>\n<\/div>[vc_single_image image=\u00a0\u00bb8654&Prime; img_size=\u00a0\u00bblarge\u00a0\u00bb css=\u00a0\u00bb.vc_custom_1769249734437{padding-top: 40px !important;padding-bottom: 40px !important;}\u00a0\u00bb]\t\t<\/div>\n\t<\/div>\n<\/div><\/div>[\/vc_column_inner][\/vc_row_inner][\/vc_column][\/vc_row][vc_row][vc_column][vc_empty_space height=\u00a0\u00bb30px\u00a0\u00bb]<div class=\"mkdf-section-title-holder  \" >\n\t<div class=\"mkdf-st-inner\">\n\t\t\t\t\t\t\t<h2 class=\"mkdf-st-title\" >\n\t\t\t\tComment participer?\t\t\t\t<span class=\"mkdf-st-title-mark\" ><\/span>\n\t\t\t<\/h2>\n\t\t\t\t\t\t\t\t\t<\/div>\n<\/div>[\/vc_column][\/vc_row][vc_section css=\u00a0\u00bb.vc_custom_1766500801519{border-radius: 5px !important;}\u00a0\u00bb][vc_row][vc_column][vc_row_inner equal_height=\u00a0\u00bbyes\u00a0\u00bb gap=\u00a0\u00bb15&Prime;][vc_column_inner width=\u00a0\u00bb1\/4&Prime; css=\u00a0\u00bb.vc_custom_1766502928546{border-top-width: 5px !important;border-right-width: 5px !important;border-bottom-width: 5px !important;border-left-width: 5px !important;background-color: #091075 !important;}\u00a0\u00bb]<div class=\"mkdf-elements-holder   mkdf-one-column  mkdf-responsive-mode-768 \" ><div class=\"mkdf-eh-item    \"  data-item-class=\"mkdf-eh-custom-3632\">\n\t<div class=\"mkdf-eh-item-inner\">\n\t\t<div class=\"mkdf-eh-item-content mkdf-eh-custom-3632\" >\n\t\t\t<div class=\"mkdf-section-title-holder  \" >\n\t<div class=\"mkdf-st-inner\">\n\t\t\t\t\t\t\t<h5 class=\"mkdf-st-title\" style=\"color: #ffffff\">\n\t\t\t\tVISITEURS\t\t\t\t<span class=\"mkdf-st-title-mark\" ><\/span>\n\t\t\t<\/h5>\n\t\t\t\t\t\t\t\t\t\t\t<p class=\"mkdf-st-text\" style=\"color: #ffffff\">\n\t\t\t\tCertaines activit\u00e9s du Festival Symposium-Mboa requi\u00e8rent l'obtention d'un ticket aux fins d'accompagnement . Cliqueuez sur le bouton ci-dessous pour y arriver.\t\t\t<\/p>\n\t\t\t<\/div>\n<\/div>\t\t<\/div>\n\t<\/div>\n<\/div><\/div>[vc_column_text]<\/p>\r\n<a itemprop=\"url\" href=\"https:\/\/symposium-mboa.com\/participer\/Billetterie\/\" target=\"_self\" style=\"background-color: #1c7ae3\" class=\"mkdf-btn mkdf-btn-medium mkdf-btn-solid mkdf-btn-custom-hover-bg mkdf-btn-custom-hover-color\" data-hover-color=\"#1c7ae3\" data-hover-bg-color=\"#000000\" >\n    \t<span class=\"mkdf-btn-text\">Billetterie<\/span>\n\t        <i class=\"mkdf-icon-font-awesome fa  \" ><\/i>\t<\/a>\r\n<p>[\/vc_column_text][vc_empty_space][\/vc_column_inner][vc_column_inner width=\u00a0\u00bb1\/4&Prime; css=\u00a0\u00bb.vc_custom_1766499826720{background-color: #091075 !important;}\u00a0\u00bb]<div class=\"mkdf-elements-holder   mkdf-one-column  mkdf-responsive-mode-768 \" ><div class=\"mkdf-eh-item    \"  data-item-class=\"mkdf-eh-custom-3298\">\n\t<div class=\"mkdf-eh-item-inner\">\n\t\t<div class=\"mkdf-eh-item-content mkdf-eh-custom-3298\" >\n\t\t\t<div class=\"mkdf-section-title-holder  \" >\n\t<div class=\"mkdf-st-inner\">\n\t\t\t\t\t\t\t<h5 class=\"mkdf-st-title\" style=\"color: #ffffff\">\n\t\t\t\tSPORT &amp; CULTURE\t\t\t\t<span class=\"mkdf-st-title-mark\" ><\/span>\n\t\t\t<\/h5>\n\t\t\t\t\t\t\t\t\t\t\t<p class=\"mkdf-st-text\" style=\"color: #ffffff\">\n\t\t\t\tParticipez aux comp\u00e9titions et animations.<br \/>Faites partie des temps forts de l\u2019\u00e9v\u00e9nement.\t\t\t<\/p>\n\t\t\t<\/div>\n<\/div>[vc_column_text]<\/p>\r\n<a itemprop=\"url\" href=\"https:\/\/symposium-mboa.com\/les-activites\/sport-2\/\" target=\"_self\" style=\"background-color: #1c7ae3\" class=\"mkdf-btn mkdf-btn-medium mkdf-btn-solid mkdf-btn-custom-hover-bg mkdf-btn-custom-hover-color\" data-hover-color=\"#1c7ae3\" data-hover-bg-color=\"#000000\" >\n    \t<span class=\"mkdf-btn-text\">Inscription<\/span>\n\t        <i class=\"mkdf-icon-font-awesome fa  \" ><\/i>\t<\/a>\r\n<p>[\/vc_column_text]\t\t<\/div>\n\t<\/div>\n<\/div><\/div>[vc_empty_space][\/vc_column_inner][vc_column_inner width=\u00a0\u00bb1\/4&Prime; css=\u00a0\u00bb.vc_custom_1766502047567{background-color: #091075 !important;}\u00a0\u00bb]<div class=\"mkdf-elements-holder   mkdf-one-column  mkdf-responsive-mode-768 \" ><div class=\"mkdf-eh-item    \"  data-item-class=\"mkdf-eh-custom-8071\">\n\t<div class=\"mkdf-eh-item-inner\">\n\t\t<div class=\"mkdf-eh-item-content mkdf-eh-custom-8071\" >\n\t\t\t<div class=\"mkdf-section-title-holder  \" >\n\t<div class=\"mkdf-st-inner\">\n\t\t\t\t\t\t\t<h5 class=\"mkdf-st-title\" style=\"color: #ffffff\">\n\t\t\t\tBUSINESS &amp; MARKET\t\t\t\t<span class=\"mkdf-st-title-mark\" ><\/span>\n\t\t\t<\/h5>\n\t\t\t\t\t\t\t\t\t\t\t<p class=\"mkdf-st-text\" style=\"color: #ffffff\">\n\t\t\t\tValorisez votre activit\u00e9 et rencontrez votre public.<br \/>Une vitrine unique au c\u0153ur du Symposium-Mboa.\t\t\t<\/p>\n\t\t\t<\/div>\n<\/div>[vc_column_text]<\/p>\r\n<a itemprop=\"url\" href=\"https:\/\/symposium-mboa.com\/participer\/exposants-artisans\/\" target=\"_self\" style=\"background-color: #1c7ae3\" class=\"mkdf-btn mkdf-btn-medium mkdf-btn-solid mkdf-btn-custom-hover-color\" data-hover-color=\"#1c7ae3\" >\n    \t<span class=\"mkdf-btn-text\">R\u00e9servation<\/span>\n\t        <i class=\"mkdf-icon-font-awesome fa  \" ><\/i>\t<\/a>\r\n<p>[\/vc_column_text]\t\t<\/div>\n\t<\/div>\n<\/div><\/div>[\/vc_column_inner][vc_column_inner width=\u00a0\u00bb1\/4&Prime; css=\u00a0\u00bb.vc_custom_1766502122536{background-color: #091075 !important;}\u00a0\u00bb]<div class=\"mkdf-elements-holder   mkdf-one-column  mkdf-responsive-mode-768 \" ><div class=\"mkdf-eh-item    \"  data-item-class=\"mkdf-eh-custom-3709\">\n\t<div class=\"mkdf-eh-item-inner\">\n\t\t<div class=\"mkdf-eh-item-content mkdf-eh-custom-3709\" >\n\t\t\t<div class=\"mkdf-section-title-holder  \" >\n\t<div class=\"mkdf-st-inner\">\n\t\t\t\t\t\t\t<h5 class=\"mkdf-st-title\" style=\"color: #ffffff\">\n\t\t\t\tPARTENAIRES\t\t\t\t<span class=\"mkdf-st-title-mark\" ><\/span>\n\t\t\t<\/h5>\n\t\t\t\t\t\t\t\t\t\t\t<p class=\"mkdf-st-text\" style=\"color: #ffffff\">\n\t\t\t\tValorisez votre activit\u00e9 et rencontrez votre public.<br \/>Une vitrine unique au c\u0153ur du Symposium-Mboa.\t\t\t<\/p>\n\t\t\t<\/div>\n<\/div>[vc_column_text]<\/p>\r\n<a itemprop=\"url\" href=\"https:\/\/symposium-mboa.com\/partenaires\/\" target=\"_self\" style=\"background-color: #1c7ae3\" class=\"mkdf-btn mkdf-btn-medium mkdf-btn-solid mkdf-btn-custom-hover-bg mkdf-btn-custom-hover-color\" data-hover-color=\"#1c7ae3\" data-hover-bg-color=\"#000000\" >\n    \t<span class=\"mkdf-btn-text\">Partenaires<\/span>\n\t        <i class=\"mkdf-icon-font-awesome fa  \" ><\/i>\t<\/a>\r\n<p>[\/vc_column_text]\t\t<\/div>\n\t<\/div>\n<\/div><\/div>[\/vc_column_inner][\/vc_row_inner][\/vc_column][\/vc_row][\/vc_section][vc_row][vc_column][vc_empty_space][vc_column_text]<br \/><!-- \/wp:post-content --><\/p>\r\n<p><!-- wp:paragraph -->[\/vc_column_text][\/vc_column][\/vc_row][vc_row][vc_column][vc_single_image image=\u00a0\u00bb11472&Prime; img_size=\u00a0\u00bbfull\u00a0\u00bb title=\u00a0\u00bbD&rsquo;ici, nous impactons le monde!\u00a0\u00bb][\/vc_column][\/vc_row][vc_row gap=\u00a0\u00bb10&Prime; row_content_width=\u00a0\u00bbgrid\u00a0\u00bb][vc_column width=\u00a0\u00bb1\/3&Prime; css=\u00a0\u00bb.vc_custom_1766800588301{margin-top: 0px !important;margin-right: 0px !important;margin-bottom: 0px !important;margin-left: 0px !important;border-top-width: 5px !important;border-right-width: 5px !important;border-bottom-width: 5px !important;border-left-width: 5px !important;padding-top: 5px !important;padding-right: 5px !important;padding-bottom: 5px !important;padding-left: 5px !important;border-left-color: #091075 !important;border-left-style: solid !important;border-right-color: #091075 !important;border-right-style: solid !important;border-top-color: #091075 !important;border-top-style: solid !important;border-bottom-color: #091075 !important;border-bottom-style: solid !important;}\u00a0\u00bb]<div class=\"mkdf-section-title-holder  \" >\n\t<div class=\"mkdf-st-inner\">\n\t\t\t\t\t\t\t<h5 class=\"mkdf-st-title\" style=\"color: #091075\">\n\t\t\t\tLES TH\u00c8MES\t\t\t\t<span class=\"mkdf-st-title-mark\" ><\/span>\n\t\t\t<\/h5>\n\t\t\t\t\t\t\t\t\t<\/div>\n<\/div>[vc_single_image image=\u00a0\u00bb9131&Prime; img_size=\u00a0\u00bblarge\u00a0\u00bb][vc_column_text]<\/p>\r\n<p>&nbsp;<\/p>\r\n<p><strong>Th\u00e8me 1:<\/strong><\/p>\r\n<p><strong>Th\u00e8me 2:<\/strong><\/p>\r\n<p><strong>Th\u00e8me 3:<\/strong><\/p>\r\n<p><strong>Th\u00e8me 4:<\/strong><\/p>\r\n<p>&nbsp;<\/p>\r\n<p>[\/vc_column_text][\/vc_column][vc_column width=\u00a0\u00bb1\/3&Prime; css=\u00a0\u00bb.vc_custom_1766800900692{border-top-width: 5px !important;border-right-width: 5px !important;border-bottom-width: 5px !important;border-left-width: 5px !important;padding-top: 5px !important;padding-right: 5px !important;padding-bottom: 5px !important;padding-left: 5px !important;border-left-color: #091075 !important;border-left-style: solid !important;border-right-color: #091075 !important;border-right-style: solid !important;border-top-color: #091075 !important;border-top-style: solid !important;border-bottom-color: #091075 !important;border-bottom-style: solid !important;}\u00a0\u00bb]<div class=\"mkdf-section-title-holder  \" style=\"text-align: left\">\n\t<div class=\"mkdf-st-inner\">\n\t\t\t\t\t\t\t<h5 class=\"mkdf-st-title\" style=\"color: #091075\">\n\t\t\t\tLES INVIT\u00c9S &amp; SPEAKERS\t\t\t\t<span class=\"mkdf-st-title-mark\" ><\/span>\n\t\t\t<\/h5>\n\t\t\t\t\t\t\t\t\t<\/div>\n<\/div>[vc_single_image image=\u00a0\u00bb9132&Prime; img_size=\u00a0\u00bblarge\u00a0\u00bb css=\u00a0\u00bb.vc_custom_1766813990973{padding-top: 10px !important;padding-bottom: 30px !important;}\u00a0\u00bb][vc_column_text]<\/p>\r\n<p>Des voix engag\u00e9es, des exp\u00e9riences concr\u00e8tes, des \u00e9changes utiles.<br data-start=\"709\" data-end=\"712\" \/>Les speakers et pan\u00e9listes du DEAL donnent sens aux d\u00e9bats.<\/p>\r\n<p>Ici, bient\u00f4t la liste d\u00e9taill\u00e9e des Speakers et des invit\u00e9s.<\/p>\r\n<p>[\/vc_column_text][\/vc_column][vc_column width=\u00a0\u00bb1\/3&Prime; css=\u00a0\u00bb.vc_custom_1766800931716{border-top-width: 5px !important;border-right-width: 5px !important;border-bottom-width: 5px !important;border-left-width: 5px !important;padding-top: 5px !important;padding-right: 5px !important;padding-bottom: 5px !important;padding-left: 5px !important;border-left-color: #091075 !important;border-left-style: solid !important;border-right-color: #091075 !important;border-right-style: solid !important;border-top-color: #091075 !important;border-top-style: solid !important;border-bottom-color: #091075 !important;border-bottom-style: solid !important;}\u00a0\u00bb]<div class=\"mkdf-section-title-holder  \" style=\"text-align: left\">\n\t<div class=\"mkdf-st-inner\">\n\t\t\t\t\t\t\t<h5 class=\"mkdf-st-title\" style=\"color: #091075\">\n\t\t\t\tIMPORTANT!\t\t\t\t<span class=\"mkdf-st-title-mark\" ><\/span>\n\t\t\t<\/h5>\n\t\t\t\t\t\t\t\t\t<\/div>\n<\/div>[vc_single_image image=\u00a0\u00bb8654&Prime; img_size=\u00a0\u00bblarge\u00a0\u00bb css=\u00a0\u00bb.vc_custom_1766809499160{padding-top: 40px !important;padding-bottom: 80px !important;}\u00a0\u00bb][vc_column_text]<\/p>\r\n<p>The DEAL<\/p>\r\n<p><strong>Date: 22 &#8211; 24 Mai 2026<\/strong><\/p>\r\n<p><strong>Heure: Tr\u00e8s bient\u00f4t.<\/strong><\/p>\r\n<p>&nbsp;<\/p>\r\n<p>[\/vc_column_text][\/vc_column][\/vc_row][vc_row][vc_column][vc_column_text]<\/p>\r\n<p><!-- \/wp:paragraph -->\r\n\r\n<!-- wp:paragraph \/-->[\/vc_column_text][vc_empty_space][\/vc_column][\/vc_row][vc_row][vc_column][vc_single_image image=\u00a0\u00bb11637&Prime; img_size=\u00a0\u00bbfull\u00a0\u00bb][vc_empty_space][\/vc_column][\/vc_row][vc_section][\/vc_section]<\/p><\/section>","protected":false},"excerpt":{"rendered":"<p>[vc_row][vc_column][vc_empty_space height=\u00a0\u00bb30px\u00a0\u00bb][\/vc_column][\/vc_row][vc_row disable_element=\u00a0\u00bbyes\u00a0\u00bb][vc_column][\/vc_column][\/vc_row][vc_row][vc_column][vc_single_image image=\u00a0\u00bb11568&Prime; img_size=\u00a0\u00bbfull\u00a0\u00bb alignment=\u00a0\u00bbcenter\u00a0\u00bb][\/vc_column][\/vc_row][vc_row row_content_width=\u00a0\u00bbgrid\u00a0\u00bb][vc_column][vc_empty_space height=\u00a0\u00bb20px\u00a0\u00bb][\/vc_column][\/vc_row][vc_row][vc_column][vc_row_inner equal_height=\u00a0\u00bbyes\u00a0\u00bb gap=\u00a0\u00bb15&Prime;][vc_column_inner width=\u00a0\u00bb1\/3&Prime; css=\u00a0\u00bb.vc_custom_1769288424685{border-top-width: 5px !important;border-right-width: 5px !important;border-bottom-width: 5px !important;border-left-width: 5px !important;border-left-color: [&hellip;]<\/p>\n","protected":false},"author":2,"featured_media":0,"parent":0,"menu_order":0,"comment_status":"closed","ping_status":"closed","template":"","meta":{"footnotes":""},"categories":[],"tags":[],"class_list":["post-11127","page","type-page","status-publish","hentry"],"rttpg_featured_image_url":null,"rttpg_author":{"display_name":"Presse","author_link":"https:\/\/symposium-mboa.com\/?author=2"},"rttpg_comment":0,"rttpg_category":false,"rttpg_excerpt":"[vc_row][vc_column][vc_empty_space height=\u00a0\u00bb30px\u00a0\u00bb][\/vc_column][\/vc_row][vc_row disable_element=\u00a0\u00bbyes\u00a0\u00bb][vc_column][\/vc_column][\/vc_row][vc_row][vc_column][vc_single_image image=\u00a0\u00bb11568&Prime; img_size=\u00a0\u00bbfull\u00a0\u00bb alignment=\u00a0\u00bbcenter\u00a0\u00bb][\/vc_column][\/vc_row][vc_row row_content_width=\u00a0\u00bbgrid\u00a0\u00bb][vc_column][vc_empty_space height=\u00a0\u00bb20px\u00a0\u00bb][\/vc_column][\/vc_row][vc_row][vc_column][vc_row_inner equal_height=\u00a0\u00bbyes\u00a0\u00bb gap=\u00a0\u00bb15&Prime;][vc_column_inner width=\u00a0\u00bb1\/3&Prime; css=\u00a0\u00bb.vc_custom_1769288424685{border-top-width: 5px !important;border-right-width: 5px !important;border-bottom-width: 5px !important;border-left-width: 5px !important;border-left-color: [&hellip;]","_links":{"self":[{"href":"https:\/\/symposium-mboa.com\/index.php?rest_route=\/wp\/v2\/pages\/11127","targetHints":{"allow":["GET"]}}],"collection":[{"href":"https:\/\/symposium-mboa.com\/index.php?rest_route=\/wp\/v2\/pages"}],"about":[{"href":"https:\/\/symposium-mboa.com\/index.php?rest_route=\/wp\/v2\/types\/page"}],"author":[{"embeddable":true,"href":"https:\/\/symposium-mboa.com\/index.php?rest_route=\/wp\/v2\/users\/2"}],"replies":[{"embeddable":true,"href":"https:\/\/symposium-mboa.com\/index.php?rest_route=%2Fwp%2Fv2%2Fcomments&post=11127"}],"version-history":[{"count":278,"href":"https:\/\/symposium-mboa.com\/index.php?rest_route=\/wp\/v2\/pages\/11127\/revisions"}],"predecessor-version":[{"id":11575,"href":"https:\/\/symposium-mboa.com\/index.php?rest_route=\/wp\/v2\/pages\/11127\/revisions\/11575"}],"wp:attachment":[{"href":"https:\/\/symposium-mboa.com\/index.php?rest_route=%2Fwp%2Fv2%2Fmedia&parent=11127"}],"wp:term":[{"taxonomy":"category","embeddable":true,"href":"https:\/\/symposium-mboa.com\/index.php?rest_route=%2Fwp%2Fv2%2Fcategories&post=11127"},{"taxonomy":"post_tag","embeddable":true,"href":"https:\/\/symposium-mboa.com\/index.php?rest_route=%2Fwp%2Fv2%2Ftags&post=11127"}],"curies":[{"name":"wp","href":"https:\/\/api.w.org\/{rel}","templated":true}]}}